{"id":1708,"date":"2023-06-01T14:55:48","date_gmt":"2023-06-01T14:55:48","guid":{"rendered":"https:\/\/inoacmty.info\/?page_id=1708"},"modified":"2023-06-01T14:55:48","modified_gmt":"2023-06-01T14:55:48","slug":"gmac-0009-informacion-ambiental-de-puestos-especificos-rev-1","status":"publish","type":"page","link":"https:\/\/inoacmty.info\/index.php\/gmac-0009-informacion-ambiental-de-puestos-especificos-rev-1\/","title":{"rendered":"GMAC-0009 Informaci\u00f3n Ambiental de puestos espec\u00edficos Rev.1"},"content":{"rendered":"\n<figure class=\"wp-block-video\"><video controls src=\"https:\/\/inoacmty.info\/wp-content\/uploads\/2023\/06\/QDoc14265329..mp4\"><\/video><\/figure>\n\n\n\n<p> Al finalizar el video favor de realizar la evaluaci\u00f3n que se presenta a continuaci\u00f3n: <\/p>\n\n\n\n<p><a rel=\"noreferrer noopener\" href=\"https:\/\/forms.office.com\/r\/dnNFPxd960\" target=\"_blank\">GMAE-0004 Informaci\u00f3n Ambiental Rev.5<\/a><\/p>\n","protected":false},"excerpt":{"rendered":"<p>Al finalizar el video favor de realizar la evaluaci\u00f3n que se presenta a continuaci\u00f3n: GMAE-0004 Informaci\u00f3n Ambiental Rev.5<\/p>\n","protected":false},"author":8,"featured_media":0,"parent":0,"menu_order":0,"comment_status":"closed","ping_status":"closed","template":"","meta":[],"_links":{"self":[{"href":"https:\/\/inoacmty.info\/index.php\/wp-json\/wp\/v2\/pages\/1708"}],"collection":[{"href":"https:\/\/inoacmty.info\/index.php\/wp-json\/wp\/v2\/pages"}],"about":[{"href":"https:\/\/inoacmty.info\/index.php\/wp-json\/wp\/v2\/types\/page"}],"author":[{"embeddable":true,"href":"https:\/\/inoacmty.info\/index.php\/wp-json\/wp\/v2\/users\/8"}],"replies":[{"embeddable":true,"href":"https:\/\/inoacmty.info\/index.php\/wp-json\/wp\/v2\/comments?post=1708"}],"version-history":[{"count":1,"href":"https:\/\/inoacmty.info\/index.php\/wp-json\/wp\/v2\/pages\/1708\/revisions"}],"predecessor-version":[{"id":1711,"href":"https:\/\/inoacmty.info\/index.php\/wp-json\/wp\/v2\/pages\/1708\/revisions\/1711"}],"wp:attachment":[{"href":"https:\/\/inoacmty.info\/index.php\/wp-json\/wp\/v2\/media?parent=1708"}],"curies":[{"name":"wp","href":"https:\/\/api.w.org\/{rel}","templated":true}]}}