{"id":1911,"date":"2023-10-10T22:19:11","date_gmt":"2023-10-10T22:19:11","guid":{"rendered":"https:\/\/inoacmty.info\/?page_id=1911"},"modified":"2023-10-10T22:19:11","modified_gmt":"2023-10-10T22:19:11","slug":"capacitacion-en-inspecciones-planeadas-inspeccion-en-el-area-de-trabajo","status":"publish","type":"page","link":"https:\/\/inoacmty.info\/index.php\/capacitacion-en-inspecciones-planeadas-inspeccion-en-el-area-de-trabajo\/","title":{"rendered":"Capacitaci\u00f3n en Inspecciones Planeadas (inspecci\u00f3n en el \u00e1rea de trabajo)"},"content":{"rendered":"\n<figure class=\"wp-block-video\"><video controls src=\"https:\/\/inoacmty.info\/wp-content\/uploads\/2023\/10\/01.-CURSO-Inspeccion-en-el-area-de-trabajo.mp4\"><\/video><\/figure>\n\n\n\n<p>Al finalizar el video favor de ingresar al siguiente link para contestar el examen. <\/p>\n\n\n\n<ul><li><a href=\"https:\/\/forms.office.com\/r\/Vj550Kwwjc\" data-type=\"URL\" data-id=\"https:\/\/forms.office.com\/r\/Vj550Kwwjc\">https:\/\/forms.office.com\/r\/Vj550Kwwjc<\/a><\/li><\/ul>\n\n\n\n<p><\/p>\n","protected":false},"excerpt":{"rendered":"<p>Al finalizar el video favor de ingresar al siguiente link para contestar el examen. https:\/\/forms.office.com\/r\/Vj550Kwwjc<\/p>\n","protected":false},"author":8,"featured_media":0,"parent":0,"menu_order":0,"comment_status":"closed","ping_status":"closed","template":"","meta":[],"_links":{"self":[{"href":"https:\/\/inoacmty.info\/index.php\/wp-json\/wp\/v2\/pages\/1911"}],"collection":[{"href":"https:\/\/inoacmty.info\/index.php\/wp-json\/wp\/v2\/pages"}],"about":[{"href":"https:\/\/inoacmty.info\/index.php\/wp-json\/wp\/v2\/types\/page"}],"author":[{"embeddable":true,"href":"https:\/\/inoacmty.info\/index.php\/wp-json\/wp\/v2\/users\/8"}],"replies":[{"embeddable":true,"href":"https:\/\/inoacmty.info\/index.php\/wp-json\/wp\/v2\/comments?post=1911"}],"version-history":[{"count":2,"href":"https:\/\/inoacmty.info\/index.php\/wp-json\/wp\/v2\/pages\/1911\/revisions"}],"predecessor-version":[{"id":1913,"href":"https:\/\/inoacmty.info\/index.php\/wp-json\/wp\/v2\/pages\/1911\/revisions\/1913"}],"wp:attachment":[{"href":"https:\/\/inoacmty.info\/index.php\/wp-json\/wp\/v2\/media?parent=1911"}],"curies":[{"name":"wp","href":"https:\/\/api.w.org\/{rel}","templated":true}]}}