{"id":2026,"date":"2023-11-10T21:52:21","date_gmt":"2023-11-10T21:52:21","guid":{"rendered":"https:\/\/inoacmty.info\/?page_id=2026"},"modified":"2025-08-15T00:49:27","modified_gmt":"2025-08-15T00:49:27","slug":"capacitacion-en-codigo-de-colores-y-senalamientos-de-seguridad-car04-rev01","status":"publish","type":"page","link":"https:\/\/inoacmty.info\/index.php\/capacitacion-en-codigo-de-colores-y-senalamientos-de-seguridad-car04-rev01\/","title":{"rendered":"Capacitaci\u00f3n en: C\u00f3digo de colores y se\u00f1alamientos de Seguridad  CAR04\/Rev01"},"content":{"rendered":"\n<p>Favor de visualizar el siguiente video<\/p>\n\n\n\n<figure class=\"wp-block-video\"><video controls src=\"https:\/\/inoacmty.info\/wp-content\/uploads\/2025\/08\/SENALIZACION-DE-SEGURIDAD-Y-CODIGO-DE-COLORES-1-2.mp4\"><\/video><\/figure>\n\n\n\n<p>Al finalizar el video ingresar al siguiente link y contestar el formulario<\/p>\n\n\n\n<p><a href=\"https:\/\/forms.cloud.microsoft\/r\/jRssEVpN9k\" data-type=\"URL\" data-id=\"https:\/\/forms.cloud.microsoft\/r\/jRssEVpN9k\">https:\/\/forms.office.com\/r\/jRssEVpN9k<\/a><\/p>\n\n\n\n<p>Gracias por tu participaci\u00f3n. <\/p>\n","protected":false},"excerpt":{"rendered":"<p>Favor de visualizar el siguiente video Al finalizar el video ingresar al siguiente link y contestar el formulario https:\/\/forms.office.com\/r\/jRssEVpN9k Gracias por tu participaci\u00f3n.<\/p>\n","protected":false},"author":8,"featured_media":0,"parent":0,"menu_order":0,"comment_status":"closed","ping_status":"closed","template":"","meta":[],"_links":{"self":[{"href":"https:\/\/inoacmty.info\/index.php\/wp-json\/wp\/v2\/pages\/2026"}],"collection":[{"href":"https:\/\/inoacmty.info\/index.php\/wp-json\/wp\/v2\/pages"}],"about":[{"href":"https:\/\/inoacmty.info\/index.php\/wp-json\/wp\/v2\/types\/page"}],"author":[{"embeddable":true,"href":"https:\/\/inoacmty.info\/index.php\/wp-json\/wp\/v2\/users\/8"}],"replies":[{"embeddable":true,"href":"https:\/\/inoacmty.info\/index.php\/wp-json\/wp\/v2\/comments?post=2026"}],"version-history":[{"count":5,"href":"https:\/\/inoacmty.info\/index.php\/wp-json\/wp\/v2\/pages\/2026\/revisions"}],"predecessor-version":[{"id":5591,"href":"https:\/\/inoacmty.info\/index.php\/wp-json\/wp\/v2\/pages\/2026\/revisions\/5591"}],"wp:attachment":[{"href":"https:\/\/inoacmty.info\/index.php\/wp-json\/wp\/v2\/media?parent=2026"}],"curies":[{"name":"wp","href":"https:\/\/api.w.org\/{rel}","templated":true}]}}