{"id":2161,"date":"2024-01-16T15:29:31","date_gmt":"2024-01-16T15:29:31","guid":{"rendered":"https:\/\/inoacmty.info\/?page_id=2161"},"modified":"2024-04-16T00:03:48","modified_gmt":"2024-04-16T00:03:48","slug":"gmac-0009-informacion-ambiental-de-puestos-especificos-rev-2","status":"publish","type":"page","link":"https:\/\/inoacmty.info\/index.php\/gmac-0009-informacion-ambiental-de-puestos-especificos-rev-2\/","title":{"rendered":"GMAC-0009 Informaci\u00f3n Ambiental de puestos espec\u00edficos Rev.2"},"content":{"rendered":"\n<figure class=\"wp-block-video\"><video controls src=\"https:\/\/inoacmty.info\/wp-content\/uploads\/2024\/04\/GMAC-0009-REV.2-2-1.mp4\"><\/video><\/figure>\n\n\n\n<p>  Al finalizar el video favor de realizar la evaluaci\u00f3n que se presenta a continuaci\u00f3n:  <\/p>\n\n\n\n<p> <a href=\"https:\/\/forms.office.com\/r\/dnNFPxd960\" data-type=\"URL\" data-id=\"https:\/\/forms.office.com\/r\/dnNFPxd960\">GMAE-0004 Informaci\u00f3n Ambiental Rev.6<\/a><\/p>\n","protected":false},"excerpt":{"rendered":"<p>Al finalizar el video favor de realizar la evaluaci\u00f3n que se presenta a continuaci\u00f3n: GMAE-0004 Informaci\u00f3n Ambiental Rev.6<\/p>\n","protected":false},"author":8,"featured_media":0,"parent":0,"menu_order":0,"comment_status":"closed","ping_status":"closed","template":"","meta":[],"_links":{"self":[{"href":"https:\/\/inoacmty.info\/index.php\/wp-json\/wp\/v2\/pages\/2161"}],"collection":[{"href":"https:\/\/inoacmty.info\/index.php\/wp-json\/wp\/v2\/pages"}],"about":[{"href":"https:\/\/inoacmty.info\/index.php\/wp-json\/wp\/v2\/types\/page"}],"author":[{"embeddable":true,"href":"https:\/\/inoacmty.info\/index.php\/wp-json\/wp\/v2\/users\/8"}],"replies":[{"embeddable":true,"href":"https:\/\/inoacmty.info\/index.php\/wp-json\/wp\/v2\/comments?post=2161"}],"version-history":[{"count":3,"href":"https:\/\/inoacmty.info\/index.php\/wp-json\/wp\/v2\/pages\/2161\/revisions"}],"predecessor-version":[{"id":2418,"href":"https:\/\/inoacmty.info\/index.php\/wp-json\/wp\/v2\/pages\/2161\/revisions\/2418"}],"wp:attachment":[{"href":"https:\/\/inoacmty.info\/index.php\/wp-json\/wp\/v2\/media?parent=2161"}],"curies":[{"name":"wp","href":"https:\/\/api.w.org\/{rel}","templated":true}]}}