{"id":2243,"date":"2024-01-26T15:07:26","date_gmt":"2024-01-26T15:07:26","guid":{"rendered":"https:\/\/inoacmty.info\/?page_id=2243"},"modified":"2024-01-26T15:07:26","modified_gmt":"2024-01-26T15:07:26","slug":"sgic-0002-reforzamiento-de-objetivos-y-politica-del-sistema-de-gestion-integral-rev-6","status":"publish","type":"page","link":"https:\/\/inoacmty.info\/index.php\/sgic-0002-reforzamiento-de-objetivos-y-politica-del-sistema-de-gestion-integral-rev-6\/","title":{"rendered":"SGIC-0002 Reforzamiento de objetivos y pol\u00edtica del sistema de gesti\u00f3n integral Rev.6"},"content":{"rendered":"\n<figure class=\"wp-block-video\"><video controls src=\"https:\/\/inoacmty.info\/wp-content\/uploads\/2024\/01\/SGIC-0002-REV.-6.mp4\"><\/video><\/figure>\n\n\n\n<p> Al finalizar el video favor de realizar la evaluaci\u00f3n que se presenta a continuaci\u00f3n: <\/p>\n\n\n\n<p><strong><a href=\"https:\/\/forms.office.com\/r\/TUgmCsgaD8\" data-type=\"URL\" data-id=\"https:\/\/forms.office.com\/r\/TUgmCsgaD8\" target=\"_blank\" rel=\"noreferrer noopener\">SGIE-0002 Reforzamie<\/a><a href=\"https:\/\/forms.office.com\/r\/TUgmCsgaD8\" data-type=\"URL\" data-id=\"https:\/\/forms.office.com\/r\/TUgmCsgaD8\">nto de objetivos y pol\u00edtica del sistema de gesti\u00f3n integral Rev.3<\/a><\/strong><\/p>\n","protected":false},"excerpt":{"rendered":"<p>Al finalizar el video favor de realizar la evaluaci\u00f3n que se presenta a continuaci\u00f3n: SGIE-0002 Reforzamiento de objetivos y pol\u00edtica del sistema de gesti\u00f3n integral Rev.3<\/p>\n","protected":false},"author":8,"featured_media":0,"parent":0,"menu_order":0,"comment_status":"closed","ping_status":"closed","template":"","meta":[],"_links":{"self":[{"href":"https:\/\/inoacmty.info\/index.php\/wp-json\/wp\/v2\/pages\/2243"}],"collection":[{"href":"https:\/\/inoacmty.info\/index.php\/wp-json\/wp\/v2\/pages"}],"about":[{"href":"https:\/\/inoacmty.info\/index.php\/wp-json\/wp\/v2\/types\/page"}],"author":[{"embeddable":true,"href":"https:\/\/inoacmty.info\/index.php\/wp-json\/wp\/v2\/users\/8"}],"replies":[{"embeddable":true,"href":"https:\/\/inoacmty.info\/index.php\/wp-json\/wp\/v2\/comments?post=2243"}],"version-history":[{"count":1,"href":"https:\/\/inoacmty.info\/index.php\/wp-json\/wp\/v2\/pages\/2243\/revisions"}],"predecessor-version":[{"id":2244,"href":"https:\/\/inoacmty.info\/index.php\/wp-json\/wp\/v2\/pages\/2243\/revisions\/2244"}],"wp:attachment":[{"href":"https:\/\/inoacmty.info\/index.php\/wp-json\/wp\/v2\/media?parent=2243"}],"curies":[{"name":"wp","href":"https:\/\/api.w.org\/{rel}","templated":true}]}}