{"id":2285,"date":"2024-02-28T22:40:56","date_gmt":"2024-02-28T22:40:56","guid":{"rendered":"https:\/\/inoacmty.info\/?page_id=2285"},"modified":"2024-09-19T16:39:30","modified_gmt":"2024-09-19T16:39:30","slug":"inc-0007-reforzamiento-gestion-de-arreglos-temporales-rev-1-2","status":"publish","type":"page","link":"https:\/\/inoacmty.info\/index.php\/inc-0007-reforzamiento-gestion-de-arreglos-temporales-rev-1-2\/","title":{"rendered":"INC-0007 Reforzamiento Gesti\u00f3n de arreglos temporales Rev.2"},"content":{"rendered":"\n<figure class=\"wp-block-video\"><video controls src=\"https:\/\/inoacmty.info\/wp-content\/uploads\/2024\/09\/INC-0007-REV.2.mp4\"><\/video><\/figure>\n\n\n\n<p>  Al finalizar el video favor de realizar la evaluaci\u00f3n que se presenta a continuaci\u00f3n:&nbsp;<\/p>\n\n\n\n<p class=\"has-luminous-vivid-orange-color has-text-color\"><a href=\"https:\/\/forms.office.com\/r\/NmqB8k4WNQ\" data-type=\"URL\" data-id=\"https:\/\/forms.office.com\/r\/NmqB8k4WNQ\" target=\"_blank\" rel=\"noreferrer noopener\">  <strong>INE-0006 Reforzamiento Gesti\u00f3n de arreglos temporales Rev.1<\/strong><\/a><\/p>\n","protected":false},"excerpt":{"rendered":"<p>Al finalizar el video favor de realizar la evaluaci\u00f3n que se presenta a continuaci\u00f3n:&nbsp; INE-0006 Reforzamiento Gesti\u00f3n de arreglos temporales Rev.1<\/p>\n","protected":false},"author":8,"featured_media":0,"parent":0,"menu_order":0,"comment_status":"closed","ping_status":"closed","template":"","meta":[],"_links":{"self":[{"href":"https:\/\/inoacmty.info\/index.php\/wp-json\/wp\/v2\/pages\/2285"}],"collection":[{"href":"https:\/\/inoacmty.info\/index.php\/wp-json\/wp\/v2\/pages"}],"about":[{"href":"https:\/\/inoacmty.info\/index.php\/wp-json\/wp\/v2\/types\/page"}],"author":[{"embeddable":true,"href":"https:\/\/inoacmty.info\/index.php\/wp-json\/wp\/v2\/users\/8"}],"replies":[{"embeddable":true,"href":"https:\/\/inoacmty.info\/index.php\/wp-json\/wp\/v2\/comments?post=2285"}],"version-history":[{"count":2,"href":"https:\/\/inoacmty.info\/index.php\/wp-json\/wp\/v2\/pages\/2285\/revisions"}],"predecessor-version":[{"id":3371,"href":"https:\/\/inoacmty.info\/index.php\/wp-json\/wp\/v2\/pages\/2285\/revisions\/3371"}],"wp:attachment":[{"href":"https:\/\/inoacmty.info\/index.php\/wp-json\/wp\/v2\/media?parent=2285"}],"curies":[{"name":"wp","href":"https:\/\/api.w.org\/{rel}","templated":true}]}}