{"id":2908,"date":"2024-07-01T12:07:30","date_gmt":"2024-07-01T12:07:30","guid":{"rendered":"https:\/\/inoacmty.info\/?page_id=2908"},"modified":"2024-07-01T12:07:30","modified_gmt":"2024-07-01T12:07:30","slug":"capacitacion-operacion-de-maquinas-kiss-cut-automaticas-34-y-5-fpi57-fii234-fii61","status":"publish","type":"page","link":"https:\/\/inoacmty.info\/index.php\/capacitacion-operacion-de-maquinas-kiss-cut-automaticas-34-y-5-fpi57-fii234-fii61\/","title":{"rendered":"CAPACITACI\u00d3N: Operaci\u00f3n de Maquinas Kiss Cut autom\u00e1ticas 3,4 y 5 (FPI57, FII234, FII61)"},"content":{"rendered":"\n<p> <strong>Visualizar la siguiente capacitaci\u00f3n y al finalizar contestar el examen, link abajo del video.<\/strong> <\/p>\n\n\n\n<figure class=\"wp-block-video\"><video controls src=\"https:\/\/inoacmty.info\/wp-content\/uploads\/2024\/07\/Operacion-de-Maquinas-Kiss-Cut-automaticas-34-y-5-FPI57-FII234-FII61.mp4\"><\/video><\/figure>\n\n\n\n<p>  <strong>Link de examen:<\/strong>    <br><a href=\"https:\/\/forms.office.com\/r\/kpx6Km0tGK\" data-type=\"URL\" data-id=\"https:\/\/forms.office.com\/r\/kpx6Km0tGK\">https:\/\/forms.office.com\/r\/kpx6Km0tGK<\/a><\/p>\n\n\n\n<p> Recuerda colocar los datos correctos en el examen.   <\/p>\n","protected":false},"excerpt":{"rendered":"<p>Visualizar la siguiente capacitaci\u00f3n y al finalizar contestar el examen, link abajo del video. Link de examen: https:\/\/forms.office.com\/r\/kpx6Km0tGK Recuerda colocar los datos correctos en el examen.<\/p>\n","protected":false},"author":8,"featured_media":0,"parent":0,"menu_order":0,"comment_status":"closed","ping_status":"closed","template":"","meta":[],"_links":{"self":[{"href":"https:\/\/inoacmty.info\/index.php\/wp-json\/wp\/v2\/pages\/2908"}],"collection":[{"href":"https:\/\/inoacmty.info\/index.php\/wp-json\/wp\/v2\/pages"}],"about":[{"href":"https:\/\/inoacmty.info\/index.php\/wp-json\/wp\/v2\/types\/page"}],"author":[{"embeddable":true,"href":"https:\/\/inoacmty.info\/index.php\/wp-json\/wp\/v2\/users\/8"}],"replies":[{"embeddable":true,"href":"https:\/\/inoacmty.info\/index.php\/wp-json\/wp\/v2\/comments?post=2908"}],"version-history":[{"count":1,"href":"https:\/\/inoacmty.info\/index.php\/wp-json\/wp\/v2\/pages\/2908\/revisions"}],"predecessor-version":[{"id":2909,"href":"https:\/\/inoacmty.info\/index.php\/wp-json\/wp\/v2\/pages\/2908\/revisions\/2909"}],"wp:attachment":[{"href":"https:\/\/inoacmty.info\/index.php\/wp-json\/wp\/v2\/media?parent=2908"}],"curies":[{"name":"wp","href":"https:\/\/api.w.org\/{rel}","templated":true}]}}