{"id":2947,"date":"2024-07-03T15:56:04","date_gmt":"2024-07-03T15:56:04","guid":{"rendered":"https:\/\/inoacmty.info\/?page_id=2947"},"modified":"2025-03-19T22:19:35","modified_gmt":"2025-03-19T22:19:35","slug":"capacitacion-mshi01-inspeccion-sanitaria-para-procesos-de-area-medica","status":"publish","type":"page","link":"https:\/\/inoacmty.info\/index.php\/capacitacion-mshi01-inspeccion-sanitaria-para-procesos-de-area-medica\/","title":{"rendered":"CAPACITACI\u00d3N:  Curso de seguridad MSHI01 Insp. Sanitaria para procesos de \u00e1rea m\u00e9dica"},"content":{"rendered":"\n<p id=\"block-b98eec47-a7af-4b97-b56b-a90a3aec22b3\"><br><strong>Visualizar la siguiente capacitaci\u00f3n en video y al finalizar contestar el examen, link abajo del video<\/strong><\/p>\n\n\n\n<figure class=\"wp-block-video\"><video controls src=\"https:\/\/inoacmty.info\/wp-content\/uploads\/2025\/03\/MSHI01-INSPECCION-SANITARIA-PARA-PROCESOS-DE-AREA-MEDICA.mp4\"><\/video><\/figure>\n\n\n\n<p id=\"block-c289e39c-2627-479b-85eb-cdb97e07fb2f\"><strong>LINK DE EXAMEN<\/strong><br><a href=\"https:\/\/forms.office.com\/r\/AGanVBa3uS\" data-type=\"URL\" data-id=\"https:\/\/forms.office.com\/r\/AGanVBa3uS\">https:\/\/forms.office.com\/r\/sajwL9Qs69<\/a><\/p>\n\n\n\n<p> Recuerda colocar los datos correctos en el examen.     <\/p>\n","protected":false},"excerpt":{"rendered":"<p>Visualizar la siguiente capacitaci\u00f3n en video y al finalizar contestar el examen, link abajo del video LINK DE EXAMENhttps:\/\/forms.office.com\/r\/sajwL9Qs69 Recuerda colocar los datos correctos en el examen.<\/p>\n","protected":false},"author":8,"featured_media":0,"parent":0,"menu_order":0,"comment_status":"closed","ping_status":"closed","template":"","meta":[],"_links":{"self":[{"href":"https:\/\/inoacmty.info\/index.php\/wp-json\/wp\/v2\/pages\/2947"}],"collection":[{"href":"https:\/\/inoacmty.info\/index.php\/wp-json\/wp\/v2\/pages"}],"about":[{"href":"https:\/\/inoacmty.info\/index.php\/wp-json\/wp\/v2\/types\/page"}],"author":[{"embeddable":true,"href":"https:\/\/inoacmty.info\/index.php\/wp-json\/wp\/v2\/users\/8"}],"replies":[{"embeddable":true,"href":"https:\/\/inoacmty.info\/index.php\/wp-json\/wp\/v2\/comments?post=2947"}],"version-history":[{"count":3,"href":"https:\/\/inoacmty.info\/index.php\/wp-json\/wp\/v2\/pages\/2947\/revisions"}],"predecessor-version":[{"id":4463,"href":"https:\/\/inoacmty.info\/index.php\/wp-json\/wp\/v2\/pages\/2947\/revisions\/4463"}],"wp:attachment":[{"href":"https:\/\/inoacmty.info\/index.php\/wp-json\/wp\/v2\/media?parent=2947"}],"curies":[{"name":"wp","href":"https:\/\/api.w.org\/{rel}","templated":true}]}}