{"id":2965,"date":"2024-07-08T14:30:01","date_gmt":"2024-07-08T14:30:01","guid":{"rendered":"https:\/\/inoacmty.info\/?page_id=2965"},"modified":"2024-07-08T14:30:01","modified_gmt":"2024-07-08T14:30:01","slug":"capacitacion-curso-de-seguridad-prevencion-de-riesgos-ergonomicos","status":"publish","type":"page","link":"https:\/\/inoacmty.info\/index.php\/capacitacion-curso-de-seguridad-prevencion-de-riesgos-ergonomicos\/","title":{"rendered":"CAPACITACI\u00d3N: Curso de Seguridad Prevenci\u00f3n de Riesgos Ergon\u00f3micos"},"content":{"rendered":"\n<p> <strong>Visualizar la siguiente capacitaci\u00f3n en video y al finalizar contestar el examen, link abajo del video<\/strong>. <\/p>\n\n\n\n<figure class=\"wp-block-video\"><video controls src=\"https:\/\/inoacmty.info\/wp-content\/uploads\/2024\/07\/Prevencion-de-riesgos-Ergonomicos.mp4\"><\/video><\/figure>\n\n\n\n<p>  <strong>LINK DE EXAMEN<\/strong>  <br><\/p>\n\n\n\n<p><a href=\"https:\/\/forms.office.com\/r\/A2TX4ru8Aa\" data-type=\"URL\" data-id=\"https:\/\/forms.office.com\/r\/A2TX4ru8Aa\">https:\/\/forms.office.com\/r\/A2TX4ru8Aa<\/a><br><\/p>\n\n\n\n<p>Recuerda colocar los datos correctos en el examen. <\/p>\n","protected":false},"excerpt":{"rendered":"<p>Visualizar la siguiente capacitaci\u00f3n en video y al finalizar contestar el examen, link abajo del video. LINK DE EXAMEN https:\/\/forms.office.com\/r\/A2TX4ru8Aa Recuerda colocar los datos correctos en el examen.<\/p>\n","protected":false},"author":8,"featured_media":0,"parent":0,"menu_order":0,"comment_status":"closed","ping_status":"closed","template":"","meta":[],"_links":{"self":[{"href":"https:\/\/inoacmty.info\/index.php\/wp-json\/wp\/v2\/pages\/2965"}],"collection":[{"href":"https:\/\/inoacmty.info\/index.php\/wp-json\/wp\/v2\/pages"}],"about":[{"href":"https:\/\/inoacmty.info\/index.php\/wp-json\/wp\/v2\/types\/page"}],"author":[{"embeddable":true,"href":"https:\/\/inoacmty.info\/index.php\/wp-json\/wp\/v2\/users\/8"}],"replies":[{"embeddable":true,"href":"https:\/\/inoacmty.info\/index.php\/wp-json\/wp\/v2\/comments?post=2965"}],"version-history":[{"count":1,"href":"https:\/\/inoacmty.info\/index.php\/wp-json\/wp\/v2\/pages\/2965\/revisions"}],"predecessor-version":[{"id":2968,"href":"https:\/\/inoacmty.info\/index.php\/wp-json\/wp\/v2\/pages\/2965\/revisions\/2968"}],"wp:attachment":[{"href":"https:\/\/inoacmty.info\/index.php\/wp-json\/wp\/v2\/media?parent=2965"}],"curies":[{"name":"wp","href":"https:\/\/api.w.org\/{rel}","templated":true}]}}