{"id":2980,"date":"2024-07-08T21:50:58","date_gmt":"2024-07-08T21:50:58","guid":{"rendered":"https:\/\/inoacmty.info\/?page_id=2980"},"modified":"2025-02-18T16:59:12","modified_gmt":"2025-02-18T16:59:12","slug":"isop1","status":"publish","type":"page","link":"https:\/\/inoacmty.info\/index.php\/isop1\/","title":{"rendered":"Departamento de sistemas de gesti\u00f3n."},"content":{"rendered":"\n<p class=\"has-large-font-size\">Comunicados del Departamento de Sistemas de Gesti\u00f3n (Oficina de ISO)<\/p>\n\n\n\n<p class=\"has-medium-font-size\">En este espacio, ver\u00e1s los \u00faltimos avisos realizados por el Departamento de Sistemas de Gesti\u00f3n (Oficina de ISO)<\/p>\n\n\n<ul class=\"wp-block-latest-posts__list has-dates wp-block-latest-posts\"><li><a href=\"https:\/\/inoacmty.info\/index.php\/2024\/07\/23\/comunicado-certificacion-iatf-en-igna-ensamble\/\">Comunicado: Certificaci\u00f3n IATF en IGNA (Ensamble)<\/a><time datetime=\"2024-07-23T15:53:46+00:00\" class=\"wp-block-latest-posts__post-date\">23 de julio de 2024<\/time><\/li>\n<li><a href=\"https:\/\/inoacmty.info\/index.php\/2024\/07\/22\/guia-como-dar-trazabilidad-a-acciones-abiertas-en-tiempo-y-vencidas-en-sistin\/\">Gu\u00eda: Como dar trazabilidad a acciones abiertas en tiempo y vencidas en SISTIN<\/a><time datetime=\"2024-07-22T17:39:00+00:00\" class=\"wp-block-latest-posts__post-date\">22 de julio de 2024<\/time><\/li>\n<li><a href=\"https:\/\/inoacmty.info\/index.php\/2024\/07\/02\/guia-carga-de-evidencias-para-acciones-en-sistin\/\">Gu\u00eda: Carga de evidencias para acciones en SISTIN<\/a><time datetime=\"2024-07-02T21:07:56+00:00\" class=\"wp-block-latest-posts__post-date\">2 de julio de 2024<\/time><\/li>\n<li><a href=\"https:\/\/inoacmty.info\/index.php\/2024\/06\/28\/guia-realizacion-de-verificaciones-de-solicitudes-de-accion-correctiva-sac-y-no-conformidad-nc\/\">Gu\u00eda: Realizaci\u00f3n de verificaciones de Solicitudes de Acci\u00f3n Correctiva (SAC) y No Conformidad (NC)<\/a><time datetime=\"2024-06-28T19:28:18+00:00\" class=\"wp-block-latest-posts__post-date\">28 de junio de 2024<\/time><\/li>\n<li><a href=\"https:\/\/inoacmty.info\/index.php\/2024\/06\/26\/guia-para-solicitudes-de-cambio-sc\/\">Gu\u00eda: Solicitudes de cambio (SC) en SISTIN<\/a><time datetime=\"2024-06-26T23:17:00+00:00\" class=\"wp-block-latest-posts__post-date\">26 de junio de 2024<\/time><\/li>\n<\/ul>\n\n\n<div style=\"position: relative; width: 100%; height: 0; padding-top: 56.2500%;\npadding-bottom: 0; box-shadow: 0 2px 8px 0 rgba(63,69,81,0.16); margin-top: 1.6em; margin-bottom: 0.9em; overflow: hidden;\nborder-radius: 8px; will-change: transform;\">\n<iframe loading=\"lazy\" style=\"position: absolute; width: 100%; height: 100%; top: 0; left: 0; border: none; padding: 0;margin: 0;\" \u00a0\u00a0=\"\" src=\"https:\/\/www.canva.com\/design\/DAGJWdUVRC8\/Imq99qDs9Fk-KvyzR1-kZA\/view?embed\" allowfullscreen=\"allowfullscreen\" allow=\"fullscreen\">\n<\/iframe>\n<\/div>\n<a href=\"https:\/\/www.canva.com\/design\/DAGJWdUVRC8\/Imq99qDs9Fk-KvyzR1-kZA\/view?utm_content=DAGJWdUVRC8&amp;utm_campaign=designshare&amp;utm_medium=embeds&amp;utm_source=link\" target=\"_blank\" rel=\"noopener\"><\/a>\n\n\n\n<figure class=\"wp-block-image size-large\"><img loading=\"lazy\" width=\"768\" height=\"1024\" src=\"https:\/\/inoacmty.info\/wp-content\/uploads\/2024\/07\/DRPC01-Rev15-768x1024.jpg\" alt=\"\" class=\"wp-image-2934\" srcset=\"https:\/\/inoacmty.info\/wp-content\/uploads\/2024\/07\/DRPC01-Rev15-768x1024.jpg 768w, https:\/\/inoacmty.info\/wp-content\/uploads\/2024\/07\/DRPC01-Rev15-225x300.jpg 225w, https:\/\/inoacmty.info\/wp-content\/uploads\/2024\/07\/DRPC01-Rev15-1152x1536.jpg 1152w, https:\/\/inoacmty.info\/wp-content\/uploads\/2024\/07\/DRPC01-Rev15.jpg 1500w\" sizes=\"(max-width: 706px) 89vw, (max-width: 767px) 82vw, 740px\" \/><\/figure>\n\n\n\n<p class=\"has-text-align-right\"><strong>Departamento de Sistemas de Gesti\u00f3n (Oficina de ISO)<\/strong><\/p>\n\n\n\n<div class=\"wp-block-buttons\">\n<div class=\"wp-block-button\"><a class=\"wp-block-button__link\" href=\"https:\/\/inoacmty.info\/index.php\/isop1\/\">HOME<\/a><\/div>\n<\/div>\n\n\n\n<p><\/p>\n","protected":false},"excerpt":{"rendered":"<p>Comunicados del Departamento de Sistemas de Gesti\u00f3n (Oficina de ISO) En este espacio, ver\u00e1s los \u00faltimos avisos realizados por el Departamento de Sistemas de Gesti\u00f3n (Oficina de ISO)<\/p>\n","protected":false},"author":2,"featured_media":0,"parent":0,"menu_order":0,"comment_status":"closed","ping_status":"closed","template":"","meta":[],"_links":{"self":[{"href":"https:\/\/inoacmty.info\/index.php\/wp-json\/wp\/v2\/pages\/2980"}],"collection":[{"href":"https:\/\/inoacmty.info\/index.php\/wp-json\/wp\/v2\/pages"}],"about":[{"href":"https:\/\/inoacmty.info\/index.php\/wp-json\/wp\/v2\/types\/page"}],"author":[{"embeddable":true,"href":"https:\/\/inoacmty.info\/index.php\/wp-json\/wp\/v2\/users\/2"}],"replies":[{"embeddable":true,"href":"https:\/\/inoacmty.info\/index.php\/wp-json\/wp\/v2\/comments?post=2980"}],"version-history":[{"count":13,"href":"https:\/\/inoacmty.info\/index.php\/wp-json\/wp\/v2\/pages\/2980\/revisions"}],"predecessor-version":[{"id":4350,"href":"https:\/\/inoacmty.info\/index.php\/wp-json\/wp\/v2\/pages\/2980\/revisions\/4350"}],"wp:attachment":[{"href":"https:\/\/inoacmty.info\/index.php\/wp-json\/wp\/v2\/media?parent=2980"}],"curies":[{"name":"wp","href":"https:\/\/api.w.org\/{rel}","templated":true}]}}