{"id":3022,"date":"2024-07-11T23:01:23","date_gmt":"2024-07-11T23:01:23","guid":{"rendered":"https:\/\/inoacmty.info\/?page_id=3022"},"modified":"2026-02-04T18:51:30","modified_gmt":"2026-02-04T18:51:30","slug":"capacitacion-curso-de-seguridad-maquina-laminadora-ttarp","status":"publish","type":"page","link":"https:\/\/inoacmty.info\/index.php\/capacitacion-curso-de-seguridad-maquina-laminadora-ttarp\/","title":{"rendered":"CAPACITACI\u00d3N:   Curso de Capacitaci\u00f3n Laminadora TTARP Y CORTADORA DE ROLLOS"},"content":{"rendered":"\n<p><\/p>\n\n\n\n<p> <strong>Curso de Seguridad Materialista Roll Cutter<\/strong><\/p>\n\n\n\n<figure class=\"wp-block-video\"><video controls src=\"https:\/\/inoacmty.info\/wp-content\/uploads\/2025\/03\/ITS-MATERIALISTA-ROLL-CUTTER.mp4\"><\/video><\/figure>\n\n\n\n<p> Link de Examen  <br><a href=\"https:\/\/forms.office.com\/r\/vjucjxjiLv\" data-type=\"URL\" data-id=\"https:\/\/forms.office.com\/r\/vjucjxjiLv\">https:\/\/forms.office.com\/r\/vjucjxjiLv<\/a> <\/p>\n\n\n\n<p><\/p>\n\n\n\n<p><strong>Curso de Seguridad Laminadora TTARP<\/strong><\/p>\n\n\n\n<p>Visualiza la siguiente capacitaci\u00f3n en video y al finalizar contesta el examen, link abajo del video.   <\/p>\n\n\n\n<figure class=\"wp-block-video\"><video controls src=\"https:\/\/inoacmty.info\/wp-content\/uploads\/2025\/07\/Curso-de-Seguridad-Laminadora-TTARP.mp4\"><\/video><\/figure>\n\n\n\n<p><strong> <\/strong> Link de Examen <br><a href=\"https:\/\/forms.cloud.microsoft\/r\/J1U9f7HT8u\" data-type=\"URL\" data-id=\"https:\/\/forms.cloud.microsoft\/r\/J1U9f7HT8u\">https:\/\/forms.office.com\/r\/aadGNYVy55<\/a><\/p>\n\n\n\n<p>  <\/p>\n\n\n\n<p> <strong>Curso de  Conocimiento y Operaci\u00f3n M\u00e1quina TTARP<\/strong><\/p>\n\n\n\n<figure class=\"wp-block-video\"><video controls src=\"https:\/\/inoacmty.info\/wp-content\/uploads\/2025\/08\/FII220-OPERACION-Y-CONOCIMIENTO-MAQUINA-LAMINADORA-TTARP.mp4\"><\/video><\/figure>\n\n\n\n<p><strong>(Aplican 2 ex\u00e1menes) <\/strong><\/p>\n\n\n\n<p> Link de Examen  1<br><a href=\"https:\/\/forms.cloud.microsoft\/r\/FPxRz2zuCX\" data-type=\"URL\" data-id=\"https:\/\/forms.cloud.microsoft\/r\/FPxRz2zuCX\">https:\/\/forms.cloud.microsoft\/r\/FPxRz2zuCX<\/a><br><\/p>\n\n\n\n<p> Link de Examen  2<br><a href=\"https:\/\/forms.cloud.microsoft\/r\/1uYddPtqEw\" data-type=\"URL\" data-id=\"https:\/\/forms.cloud.microsoft\/r\/1uYddPtqEw\">https:\/\/forms.cloud.microsoft\/r\/1uYddPtqEw<\/a><\/p>\n\n\n\n<p><\/p>\n\n\n\n<p><strong>Curso de Mantenimiento Laminadora TTARP<\/strong><br>Visualiza la siguiente capacitaci\u00f3n en video y al finalizar contesta el examen, link abajo del video.   <\/p>\n\n\n\n<figure class=\"wp-block-video\"><video controls src=\"https:\/\/inoacmty.info\/wp-content\/uploads\/2025\/07\/FMI05-MANTENIMIENTO-LAMINADORA-TTARP-LT-A-1.mp4\"><\/video><\/figure>\n\n\n\n<p> Link de Examen <br><a href=\"https:\/\/forms.cloud.microsoft\/r\/1NmfhNrP5Z\" data-type=\"URL\" data-id=\"https:\/\/forms.cloud.microsoft\/r\/1NmfhNrP5Z\">https:\/\/forms.cloud.microsoft\/r\/1NmfhNrP5Z<\/a><\/p>\n\n\n\n<p><\/p>\n\n\n\n<p><\/p>\n\n\n\n<p><strong>CORTADORA DE ROLLOS<\/strong><\/p>\n\n\n\n<p>Curso de seguridad cortadora de rollos<\/p>\n\n\n\n<figure class=\"wp-block-video\"><video controls src=\"https:\/\/inoacmty.info\/wp-content\/uploads\/2025\/03\/Curso-de-Seguridad-Cortadora-de-Rollos.mp4\"><\/video><\/figure>\n\n\n\n<p> Link de Examen<br><a href=\"https:\/\/forms.cloud.microsoft\/r\/WbWWquXjBw\" data-type=\"URL\" data-id=\"https:\/\/forms.cloud.microsoft\/r\/WbWWquXjBw\">https:\/\/forms.office.com\/r\/B45kBqLtGE<\/a><\/p>\n\n\n\n<p><\/p>\n\n\n\n<p>Curso de operaci\u00f3n Cortadora de Rollos<\/p>\n\n\n\n<figure class=\"wp-block-video\"><video controls src=\"https:\/\/inoacmty.info\/wp-content\/uploads\/2025\/03\/FII361-Operacion-Cortadora-de-rollos.mp4\"><\/video><\/figure>\n\n\n\n<p> Examen F\u00edsico <\/p>\n\n\n\n<p><\/p>\n\n\n\n<p> Curso de Mantenimiento Cortadora de Rollos <\/p>\n\n\n\n<figure class=\"wp-block-video\"><video controls src=\"https:\/\/inoacmty.info\/wp-content\/uploads\/2025\/03\/FMI52-MANTENIMIENTO-CORTADORA-DE-ROLLOS.mp4\"><\/video><\/figure>\n\n\n\n<p> Examen F\u00edsico<\/p>\n\n\n\n<p><\/p>\n\n\n\n<p><\/p>\n\n\n\n<p><strong>Buenas Practicas en \u00c1rea de Procesos<\/strong><br>Link de Examen<br><a href=\"https:\/\/forms.cloud.microsoft\/r\/aycvWc8u3b\" data-type=\"URL\" data-id=\"https:\/\/forms.cloud.microsoft\/r\/aycvWc8u3b\">https:\/\/forms.cloud.microsoft\/r\/aycvWc8u3b<\/a><\/p>\n\n\n\n<p><\/p>\n","protected":false},"excerpt":{"rendered":"<p>Curso de Seguridad Materialista Roll Cutter Link de Examen https:\/\/forms.office.com\/r\/vjucjxjiLv Curso de Seguridad Laminadora TTARP Visualiza la siguiente capacitaci\u00f3n en video y al finalizar contesta el examen, link abajo del video. Link de Examen https:\/\/forms.office.com\/r\/aadGNYVy55 Curso de Conocimiento y Operaci\u00f3n M\u00e1quina TTARP (Aplican 2 ex\u00e1menes) Link de Examen 1https:\/\/forms.cloud.microsoft\/r\/FPxRz2zuCX Link de Examen 2https:\/\/forms.cloud.microsoft\/r\/1uYddPtqEw Curso de &hellip; <\/p>\n<p class=\"link-more\"><a href=\"https:\/\/inoacmty.info\/index.php\/capacitacion-curso-de-seguridad-maquina-laminadora-ttarp\/\" class=\"more-link\">Continuar leyendo<span class=\"screen-reader-text\"> \u00abCAPACITACI\u00d3N:   Curso de Capacitaci\u00f3n Laminadora TTARP Y CORTADORA DE ROLLOS\u00bb<\/span><\/a><\/p>\n","protected":false},"author":8,"featured_media":0,"parent":0,"menu_order":0,"comment_status":"closed","ping_status":"closed","template":"","meta":[],"_links":{"self":[{"href":"https:\/\/inoacmty.info\/index.php\/wp-json\/wp\/v2\/pages\/3022"}],"collection":[{"href":"https:\/\/inoacmty.info\/index.php\/wp-json\/wp\/v2\/pages"}],"about":[{"href":"https:\/\/inoacmty.info\/index.php\/wp-json\/wp\/v2\/types\/page"}],"author":[{"embeddable":true,"href":"https:\/\/inoacmty.info\/index.php\/wp-json\/wp\/v2\/users\/8"}],"replies":[{"embeddable":true,"href":"https:\/\/inoacmty.info\/index.php\/wp-json\/wp\/v2\/comments?post=3022"}],"version-history":[{"count":15,"href":"https:\/\/inoacmty.info\/index.php\/wp-json\/wp\/v2\/pages\/3022\/revisions"}],"predecessor-version":[{"id":6249,"href":"https:\/\/inoacmty.info\/index.php\/wp-json\/wp\/v2\/pages\/3022\/revisions\/6249"}],"wp:attachment":[{"href":"https:\/\/inoacmty.info\/index.php\/wp-json\/wp\/v2\/media?parent=3022"}],"curies":[{"name":"wp","href":"https:\/\/api.w.org\/{rel}","templated":true}]}}