{"id":3211,"date":"2024-08-19T21:31:37","date_gmt":"2024-08-19T21:31:37","guid":{"rendered":"https:\/\/inoacmty.info\/?page_id=3211"},"modified":"2024-08-19T21:31:37","modified_gmt":"2024-08-19T21:31:37","slug":"sgic-0002-reforzamiento-de-objetivos-y-politica-del-sistema-de-gestion-integral-rev-7","status":"publish","type":"page","link":"https:\/\/inoacmty.info\/index.php\/sgic-0002-reforzamiento-de-objetivos-y-politica-del-sistema-de-gestion-integral-rev-7\/","title":{"rendered":"SGIC-0002 Reforzamiento de objetivos y pol\u00edtica del sistema de gesti\u00f3n integral Rev.7"},"content":{"rendered":"\n<figure class=\"wp-block-video\"><video controls src=\"https:\/\/inoacmty.info\/wp-content\/uploads\/2024\/08\/SGIC-0002-REV.7-1.mp4\"><\/video><\/figure>\n\n\n\n<p>  Al finalizar el video favor de realizar la evaluaci\u00f3n que se presenta a continuaci\u00f3n:  <\/p>\n\n\n\n<p><a href=\"https:\/\/forms.office.com\/r\/TUgmCsgaD8\" data-type=\"URL\" data-id=\"https:\/\/forms.office.com\/r\/TUgmCsgaD8\"> <strong>SGIE-0002 Reforzamiento de objetivos y pol\u00edtica del sistema de gesti\u00f3n integral Rev.<\/strong>4 <\/a><\/p>\n","protected":false},"excerpt":{"rendered":"<p>Al finalizar el video favor de realizar la evaluaci\u00f3n que se presenta a continuaci\u00f3n: SGIE-0002 Reforzamiento de objetivos y pol\u00edtica del sistema de gesti\u00f3n integral Rev.4<\/p>\n","protected":false},"author":8,"featured_media":0,"parent":0,"menu_order":0,"comment_status":"closed","ping_status":"closed","template":"","meta":[],"_links":{"self":[{"href":"https:\/\/inoacmty.info\/index.php\/wp-json\/wp\/v2\/pages\/3211"}],"collection":[{"href":"https:\/\/inoacmty.info\/index.php\/wp-json\/wp\/v2\/pages"}],"about":[{"href":"https:\/\/inoacmty.info\/index.php\/wp-json\/wp\/v2\/types\/page"}],"author":[{"embeddable":true,"href":"https:\/\/inoacmty.info\/index.php\/wp-json\/wp\/v2\/users\/8"}],"replies":[{"embeddable":true,"href":"https:\/\/inoacmty.info\/index.php\/wp-json\/wp\/v2\/comments?post=3211"}],"version-history":[{"count":1,"href":"https:\/\/inoacmty.info\/index.php\/wp-json\/wp\/v2\/pages\/3211\/revisions"}],"predecessor-version":[{"id":3213,"href":"https:\/\/inoacmty.info\/index.php\/wp-json\/wp\/v2\/pages\/3211\/revisions\/3213"}],"wp:attachment":[{"href":"https:\/\/inoacmty.info\/index.php\/wp-json\/wp\/v2\/media?parent=3211"}],"curies":[{"name":"wp","href":"https:\/\/api.w.org\/{rel}","templated":true}]}}