{"id":3277,"date":"2024-08-22T15:00:03","date_gmt":"2024-08-22T15:00:03","guid":{"rendered":"https:\/\/inoacmty.info\/?page_id=3277"},"modified":"2025-08-22T03:57:04","modified_gmt":"2025-08-22T03:57:04","slug":"capacitacion-seguridad-maquina-ebisu","status":"publish","type":"page","link":"https:\/\/inoacmty.info\/index.php\/capacitacion-seguridad-maquina-ebisu\/","title":{"rendered":"CAPACITACION: Cursos de Maquina Ebis\u00fa"},"content":{"rendered":"\n<p> Visualiza la capacitaci\u00f3n en video y al finalizar contesta el examen, link abajo.   <\/p>\n\n\n\n<p><\/p>\n\n\n\n<p><strong>CURSO DE SEGURIDAD ITS MATERIALISTA ROLL CUTTER<\/strong><\/p>\n\n\n\n<figure class=\"wp-block-video\"><video controls src=\"https:\/\/inoacmty.info\/wp-content\/uploads\/2025\/03\/ITS-MATERIALISTA-ROLL-CUTTER.mp4\"><\/video><\/figure>\n\n\n\n<p><strong>Link de examen<\/strong><br><a href=\"https:\/\/forms.cloud.microsoft\/r\/vjucjxjiLv\" data-type=\"URL\" data-id=\"https:\/\/forms.cloud.microsoft\/r\/vjucjxjiLv\">https:\/\/forms.cloud.microsoft\/r\/vjucjxjiLv<\/a><\/p>\n\n\n\n<p><\/p>\n\n\n\n<p><strong>Curso de Seguridad Maquina Ebis\u00fa<\/strong><\/p>\n\n\n\n<figure class=\"wp-block-video\"><video controls src=\"https:\/\/inoacmty.info\/wp-content\/uploads\/2025\/07\/Curso-de-Seguridad-Maquina-Ebisu.mp4\"><\/video><\/figure>\n\n\n\n<p> <strong>LINK DE EXAMEN<\/strong> <br><a href=\"https:\/\/forms.cloud.microsoft\/r\/n9aQ7dAqxZ\" data-type=\"URL\" data-id=\"https:\/\/forms.cloud.microsoft\/r\/n9aQ7dAqxZ\">https:\/\/forms.office.com\/r\/sLPsceTwaR<\/a><\/p>\n\n\n\n<p><\/p>\n\n\n\n<p><\/p>\n\n\n\n<p> <strong>Curso de Operaci\u00f3n Maquina Ebis\u00fa<\/strong> <\/p>\n\n\n\n<figure class=\"wp-block-video\"><video controls src=\"https:\/\/inoacmty.info\/wp-content\/uploads\/2025\/08\/operacion-ebisu.mp4\"><\/video><\/figure>\n\n\n\n<p> Examen F\u00edsico <\/p>\n\n\n\n<p><\/p>\n\n\n\n<p> <strong>Curso de Mantenimiento Maquina Ebis\u00fa<\/strong> <\/p>\n\n\n\n<figure class=\"wp-block-video\"><video controls src=\"https:\/\/inoacmty.info\/wp-content\/uploads\/2025\/08\/LAMINADORA-EBISU-mtto.mp4\"><\/video><\/figure>\n\n\n\n<p> Examen F\u00edsico  <\/p>\n\n\n\n<p><\/p>\n\n\n\n<p><\/p>\n\n\n\n<p><strong>FPI Buenas Practicas en \u00c1rea de Procesos<\/strong><br><a href=\"https:\/\/forms.cloud.microsoft\/r\/aycvWc8u3b\" data-type=\"URL\" data-id=\"https:\/\/forms.cloud.microsoft\/r\/aycvWc8u3b\">https:\/\/forms.cloud.microsoft\/r\/aycvWc8u3b<\/a><\/p>\n\n\n\n<p><\/p>\n\n\n\n<p>Recuerda colocar tus datos correctos en el examen \ud83d\ude42<\/p>\n","protected":false},"excerpt":{"rendered":"<p>Visualiza la capacitaci\u00f3n en video y al finalizar contesta el examen, link abajo. CURSO DE SEGURIDAD ITS MATERIALISTA ROLL CUTTER Link de examenhttps:\/\/forms.cloud.microsoft\/r\/vjucjxjiLv Curso de Seguridad Maquina Ebis\u00fa LINK DE EXAMEN https:\/\/forms.office.com\/r\/sLPsceTwaR Curso de Operaci\u00f3n Maquina Ebis\u00fa Examen F\u00edsico Curso de Mantenimiento Maquina Ebis\u00fa Examen F\u00edsico FPI Buenas Practicas en \u00c1rea de Procesoshttps:\/\/forms.cloud.microsoft\/r\/aycvWc8u3b Recuerda colocar &hellip; <\/p>\n<p class=\"link-more\"><a href=\"https:\/\/inoacmty.info\/index.php\/capacitacion-seguridad-maquina-ebisu\/\" class=\"more-link\">Continuar leyendo<span class=\"screen-reader-text\"> \u00abCAPACITACION: Cursos de Maquina Ebis\u00fa\u00bb<\/span><\/a><\/p>\n","protected":false},"author":8,"featured_media":0,"parent":0,"menu_order":0,"comment_status":"closed","ping_status":"closed","template":"","meta":[],"_links":{"self":[{"href":"https:\/\/inoacmty.info\/index.php\/wp-json\/wp\/v2\/pages\/3277"}],"collection":[{"href":"https:\/\/inoacmty.info\/index.php\/wp-json\/wp\/v2\/pages"}],"about":[{"href":"https:\/\/inoacmty.info\/index.php\/wp-json\/wp\/v2\/types\/page"}],"author":[{"embeddable":true,"href":"https:\/\/inoacmty.info\/index.php\/wp-json\/wp\/v2\/users\/8"}],"replies":[{"embeddable":true,"href":"https:\/\/inoacmty.info\/index.php\/wp-json\/wp\/v2\/comments?post=3277"}],"version-history":[{"count":5,"href":"https:\/\/inoacmty.info\/index.php\/wp-json\/wp\/v2\/pages\/3277\/revisions"}],"predecessor-version":[{"id":5635,"href":"https:\/\/inoacmty.info\/index.php\/wp-json\/wp\/v2\/pages\/3277\/revisions\/5635"}],"wp:attachment":[{"href":"https:\/\/inoacmty.info\/index.php\/wp-json\/wp\/v2\/media?parent=3277"}],"curies":[{"name":"wp","href":"https:\/\/api.w.org\/{rel}","templated":true}]}}