{"id":3388,"date":"2024-09-26T14:36:29","date_gmt":"2024-09-26T14:36:29","guid":{"rendered":"https:\/\/inoacmty.info\/?page_id=3388"},"modified":"2025-10-16T16:23:05","modified_gmt":"2025-10-16T16:23:05","slug":"instrucciones-para-el-modulo-de-nominas","status":"publish","type":"page","link":"https:\/\/inoacmty.info\/index.php\/instrucciones-para-el-modulo-de-nominas\/","title":{"rendered":"Gu\u00eda de acceso al portal del empleado"},"content":{"rendered":"\n<figure class=\"wp-block-video\"><video controls src=\"https:\/\/inoacmty.info\/wp-content\/uploads\/2025\/10\/PORTAL-DEL-EMPLEADO.mp4\"><\/video><\/figure>\n\n\n\n<p>Tienes dos opciones para acceder:  <\/p>\n\n\n\n<ul><li>Desde el kiosco ubicado en el \u00e1rea de Producci\u00f3n.<\/li><li>O bien, Haz clic en el siguiente enlace si est\u00e1s conectado a la red interna:<\/li><\/ul>\n\n\n\n<p class=\"has-text-align-center\"><strong><a href=\"http:\/\/momxsrvnom02\/portalempleado\" data-type=\"URL\" data-id=\"http:\/\/momxsrvnom02\/portalempleado\" target=\"_blank\" rel=\"noreferrer noopener\"><span style=\"color:#02415b\" class=\"has-inline-color\">PORTAL DEL EMPLEADO<\/span><\/a><\/strong><\/p>\n","protected":false},"excerpt":{"rendered":"<p>Tienes dos opciones para acceder: Desde el kiosco ubicado en el \u00e1rea de Producci\u00f3n. O bien, Haz clic en el siguiente enlace si est\u00e1s conectado a la red interna: PORTAL DEL EMPLEADO<\/p>\n","protected":false},"author":8,"featured_media":0,"parent":0,"menu_order":0,"comment_status":"closed","ping_status":"closed","template":"","meta":[],"_links":{"self":[{"href":"https:\/\/inoacmty.info\/index.php\/wp-json\/wp\/v2\/pages\/3388"}],"collection":[{"href":"https:\/\/inoacmty.info\/index.php\/wp-json\/wp\/v2\/pages"}],"about":[{"href":"https:\/\/inoacmty.info\/index.php\/wp-json\/wp\/v2\/types\/page"}],"author":[{"embeddable":true,"href":"https:\/\/inoacmty.info\/index.php\/wp-json\/wp\/v2\/users\/8"}],"replies":[{"embeddable":true,"href":"https:\/\/inoacmty.info\/index.php\/wp-json\/wp\/v2\/comments?post=3388"}],"version-history":[{"count":7,"href":"https:\/\/inoacmty.info\/index.php\/wp-json\/wp\/v2\/pages\/3388\/revisions"}],"predecessor-version":[{"id":5771,"href":"https:\/\/inoacmty.info\/index.php\/wp-json\/wp\/v2\/pages\/3388\/revisions\/5771"}],"wp:attachment":[{"href":"https:\/\/inoacmty.info\/index.php\/wp-json\/wp\/v2\/media?parent=3388"}],"curies":[{"name":"wp","href":"https:\/\/api.w.org\/{rel}","templated":true}]}}