{"id":3404,"date":"2024-09-27T17:02:46","date_gmt":"2024-09-27T17:02:46","guid":{"rendered":"https:\/\/inoacmty.info\/?page_id=3404"},"modified":"2025-12-11T13:32:23","modified_gmt":"2025-12-11T13:32:23","slug":"certificado-de-capacitacion","status":"publish","type":"page","link":"https:\/\/inoacmty.info\/index.php\/certificado-de-capacitacion\/","title":{"rendered":"Certificado de Capacitaci\u00f3n (RHFR07-Rev0)."},"content":{"rendered":"\n<p>En esta pagina encontraras el registro <strong><em>CERTIFICADO DE CAPACITACION (RHFR07-Rev0<\/em><\/strong>).<\/p>\n\n\n\n<p><strong>Instrucciones: <\/strong>Selecciona la maquina\/posici\u00f3n que necesitas auditar o verificar, al seleccionarla te direccionar\u00e1 para que puedas consultar al personal en capacitaci\u00f3n y liberado de esta posici\u00f3n, encontraras su n\u00famero de empleado, nombre y fotograf\u00eda as\u00ed mismo como la ultima fecha de actualizaci\u00f3n del documento.<\/p>\n\n\n\n<p><\/p>\n\n\n\n<p><strong>MATRIZ DE HABLIDADES ILUO<\/strong><\/p>\n\n\n\n<p><a href=\"https:\/\/inoacmty.info\/index.php\/certificado-de-capacitacion-rhfr07-rev0-25\/\" data-type=\"URL\" data-id=\"https:\/\/inoacmty.info\/index.php\/certificado-de-capacitacion-rhfr07-rev0-25\/\">MAQ\/PROCESOS\/ENSAMBLE\/ESP DE CLIENTE<\/a><\/p>\n\n\n\n<p><a href=\"https:\/\/inoacmty.info\/index.php\/certificado-de-capacitacion-rhfr07-rev0-30\/\" data-type=\"URL\" data-id=\"https:\/\/inoacmty.info\/index.php\/certificado-de-capacitacion-rhfr07-rev0-30\/\">Matriz ILUO Aersale<\/a><\/p>\n\n\n\n<p><strong>AERSALE<\/strong><\/p>\n\n\n\n<p><a href=\"https:\/\/inoacmty.info\/index.php\/certificado-de-capacitacion-rhfr07-rev0-27\/\" data-type=\"URL\" data-id=\"https:\/\/inoacmty.info\/index.php\/certificado-de-capacitacion-rhfr07-rev0-27\/\">Robot KUKA<\/a><\/p>\n\n\n\n<p><a href=\"https:\/\/inoacmty.info\/index.php\/certificado-de-capacitacion-rhfr07-rev0-28\/\" data-type=\"URL\" data-id=\"https:\/\/inoacmty.info\/index.php\/certificado-de-capacitacion-rhfr07-rev0-28\/\">Maquina HotWire<\/a><\/p>\n\n\n\n<p> <a href=\"https:\/\/inoacmty.info\/index.php\/certificado-de-capacitacion-rhfr07-rev0-29\/\" data-type=\"URL\" data-id=\"https:\/\/inoacmty.info\/index.php\/certificado-de-capacitacion-rhfr07-rev0-29\/\">Operador de Marcaje y Empaque  <\/a><\/p>\n\n\n\n<p><\/p>\n\n\n\n<p> <strong>PROCESOS<\/strong> <\/p>\n\n\n\n<p><a href=\"https:\/\/inoacmty.info\/index.php\/certificado-de-capacitacion-rhfr07-rev0\/\" data-type=\"URL\" data-id=\"https:\/\/inoacmty.info\/index.php\/certificado-de-capacitacion-rhfr07-rev0\/\">Maquina Horizontal 1<\/a><\/p>\n\n\n\n<p><a href=\"https:\/\/inoacmty.info\/index.php\/certificado-de-capacitacion-rhfr07-rev0-2\/\" data-type=\"URL\" data-id=\"https:\/\/inoacmty.info\/index.php\/certificado-de-capacitacion-rhfr07-rev0-2\/\">Maquina Horizontal 2<\/a><\/p>\n\n\n\n<p> <a href=\"https:\/\/inoacmty.info\/index.php\/certificado-de-capacitacion-rhfr07-rev0-3\/\" data-type=\"URL\" data-id=\"https:\/\/inoacmty.info\/index.php\/certificado-de-capacitacion-rhfr07-rev0-3\/\">Maquina Horizontal 3 <\/a><\/p>\n\n\n\n<p><a href=\"https:\/\/inoacmty.info\/index.php\/certificado-de-capacitacion-rhfr07-rev0-4\/\" data-type=\"URL\" data-id=\"https:\/\/inoacmty.info\/index.php\/certificado-de-capacitacion-rhfr07-rev0-4\/\"> Maquina Horizontal 4<\/a><\/p>\n\n\n\n<p> <a href=\"https:\/\/inoacmty.info\/index.php\/certificado-de-capacitacion-rhfr07-rev0-6\/\" data-type=\"URL\" data-id=\"https:\/\/inoacmty.info\/index.php\/certificado-de-capacitacion-rhfr07-rev0-6\/\">Maquina Horizontal 5<\/a><\/p>\n\n\n\n<p><a href=\"https:\/\/inoacmty.info\/index.php\/certificado-de-capacitacion-rhfr07-rev0-5\/\" data-type=\"URL\" data-id=\"https:\/\/inoacmty.info\/index.php\/certificado-de-capacitacion-rhfr07-rev0-5\/\"> Maquina Horizontal 6 <\/a><\/p>\n\n\n\n<p> <a href=\"https:\/\/inoacmty.info\/index.php\/certificado-de-capacitacion-rhfr07-rev0-26\/\" data-type=\"URL\" data-id=\"https:\/\/inoacmty.info\/index.php\/certificado-de-capacitacion-rhfr07-rev0-26\/\"> Maquina Horizontal 7 <\/a> <\/p>\n\n\n\n<p><a href=\"https:\/\/inoacmty.info\/index.php\/certificado-de-capacitacion-rhfr07-rev0-8\/\" data-type=\"URL\" data-id=\"https:\/\/inoacmty.info\/index.php\/certificado-de-capacitacion-rhfr07-rev0-8\/\"> Maquina Horizontal H24 FECKEN<\/a><\/p>\n\n\n\n<p><a href=\"https:\/\/inoacmty.info\/index.php\/certificado-de-capacitacion-rhfr07-rev0-7\/\" data-type=\"URL\" data-id=\"https:\/\/inoacmty.info\/index.php\/certificado-de-capacitacion-rhfr07-rev0-7\/\">Maquinas Verticales<\/a><\/p>\n\n\n\n<p><a href=\"https:\/\/inoacmty.info\/index.php\/certificado-de-capacitacion-rhfr07-rev0-9\/\" data-type=\"URL\" data-id=\"https:\/\/inoacmty.info\/index.php\/certificado-de-capacitacion-rhfr07-rev0-9\/\"> Maquina Laminadora TTARP<\/a><\/p>\n\n\n\n<p> <a href=\"https:\/\/inoacmty.info\/index.php\/certificado-de-capacitacion-rhfr07-rev0-10\/\" data-type=\"URL\" data-id=\"https:\/\/inoacmty.info\/index.php\/certificado-de-capacitacion-rhfr07-rev0-10\/\">Maquina Contour<\/a><\/p>\n\n\n\n<p>  <strong>MAQUINAS<\/strong><\/p>\n\n\n\n<p><a href=\"https:\/\/inoacmty.info\/index.php\/certificado-de-capacitacion-rhfr07-rev0-11\/\" data-type=\"URL\" data-id=\"https:\/\/inoacmty.info\/index.php\/certificado-de-capacitacion-rhfr07-rev0-11\/\"> Fase Integral 1<\/a><\/p>\n\n\n\n<p><a href=\"https:\/\/inoacmty.info\/index.php\/certificado-de-capacitacion-rhfr07-rev0-12\/\" data-type=\"URL\" data-id=\"https:\/\/inoacmty.info\/index.php\/certificado-de-capacitacion-rhfr07-rev0-12\/\"> Fase Integral 2<\/a><\/p>\n\n\n\n<p><a href=\"https:\/\/inoacmty.info\/index.php\/certificado-de-capacitacion-rhfr07-rev0-13\/\" data-type=\"URL\" data-id=\"https:\/\/inoacmty.info\/index.php\/certificado-de-capacitacion-rhfr07-rev0-13\/\"> Fase Integral 3 <\/a><\/p>\n\n\n\n<p><a href=\"https:\/\/inoacmty.info\/index.php\/certificado-de-capacitacion-rhfr07-rev0-14\/\" data-type=\"URL\" data-id=\"https:\/\/inoacmty.info\/index.php\/certificado-de-capacitacion-rhfr07-rev0-14\/\"> Fase Integral 4 y Operador PRECOS<\/a><\/p>\n\n\n\n<p><a href=\"https:\/\/inoacmty.info\/index.php\/certificado-de-capacitacion-rhfr07-rev0-15\/\" data-type=\"URL\" data-id=\"https:\/\/inoacmty.info\/index.php\/certificado-de-capacitacion-rhfr07-rev0-15\/\">Maquina Rotary<\/a><\/p>\n\n\n\n<p> <a href=\"https:\/\/inoacmty.info\/index.php\/certificado-de-capacitacion-rhfr07-rev0-16\/\" data-type=\"URL\" data-id=\"https:\/\/inoacmty.info\/index.php\/certificado-de-capacitacion-rhfr07-rev0-16\/\">Maquina Bruno <\/a><\/p>\n\n\n\n<p><\/p>\n\n\n\n<p><\/p>\n","protected":false},"excerpt":{"rendered":"<p>En esta pagina encontraras el registro CERTIFICADO DE CAPACITACION (RHFR07-Rev0). Instrucciones: Selecciona la maquina\/posici\u00f3n que necesitas auditar o verificar, al seleccionarla te direccionar\u00e1 para que puedas consultar al personal en capacitaci\u00f3n y liberado de esta posici\u00f3n, encontraras su n\u00famero de empleado, nombre y fotograf\u00eda as\u00ed mismo como la ultima fecha de actualizaci\u00f3n del documento. MATRIZ &hellip; <\/p>\n<p class=\"link-more\"><a href=\"https:\/\/inoacmty.info\/index.php\/certificado-de-capacitacion\/\" class=\"more-link\">Continuar leyendo<span class=\"screen-reader-text\"> \u00abCertificado de Capacitaci\u00f3n (RHFR07-Rev0).\u00bb<\/span><\/a><\/p>\n","protected":false},"author":8,"featured_media":0,"parent":0,"menu_order":0,"comment_status":"closed","ping_status":"closed","template":"","meta":[],"_links":{"self":[{"href":"https:\/\/inoacmty.info\/index.php\/wp-json\/wp\/v2\/pages\/3404"}],"collection":[{"href":"https:\/\/inoacmty.info\/index.php\/wp-json\/wp\/v2\/pages"}],"about":[{"href":"https:\/\/inoacmty.info\/index.php\/wp-json\/wp\/v2\/types\/page"}],"author":[{"embeddable":true,"href":"https:\/\/inoacmty.info\/index.php\/wp-json\/wp\/v2\/users\/8"}],"replies":[{"embeddable":true,"href":"https:\/\/inoacmty.info\/index.php\/wp-json\/wp\/v2\/comments?post=3404"}],"version-history":[{"count":12,"href":"https:\/\/inoacmty.info\/index.php\/wp-json\/wp\/v2\/pages\/3404\/revisions"}],"predecessor-version":[{"id":5954,"href":"https:\/\/inoacmty.info\/index.php\/wp-json\/wp\/v2\/pages\/3404\/revisions\/5954"}],"wp:attachment":[{"href":"https:\/\/inoacmty.info\/index.php\/wp-json\/wp\/v2\/media?parent=3404"}],"curies":[{"name":"wp","href":"https:\/\/api.w.org\/{rel}","templated":true}]}}