{"id":3494,"date":"2024-10-08T19:06:12","date_gmt":"2024-10-08T19:06:12","guid":{"rendered":"https:\/\/inoacmty.info\/?page_id=3494"},"modified":"2024-10-08T19:06:12","modified_gmt":"2024-10-08T19:06:12","slug":"capacitacion-verificacion-de-dispositivos-de-seguridad-y-guardas-mantenimiento-autonomo","status":"publish","type":"page","link":"https:\/\/inoacmty.info\/index.php\/capacitacion-verificacion-de-dispositivos-de-seguridad-y-guardas-mantenimiento-autonomo\/","title":{"rendered":"Capacitaci\u00f3n: Verificaci\u00f3n de dispositivos de seguridad y guardas (Mantenimiento Aut\u00f3nomo)"},"content":{"rendered":"\n<figure class=\"wp-block-video\"><video controls src=\"https:\/\/inoacmty.info\/wp-content\/uploads\/2024\/10\/Verificacion-de-dispositivos-de-seguridad-y-guardas-Mantenimiento-Autonomo.mp4\"><\/video><\/figure>\n\n\n\n<p>Link de examen<br><a href=\"https:\/\/forms.office.com\/r\/WSKvRSMxtV\" data-type=\"URL\" data-id=\"https:\/\/forms.office.com\/r\/WSKvRSMxtV\">https:\/\/forms.office.com\/r\/WSKvRSMxtV<\/a><\/p>\n\n\n\n<p>Suerte \ud83d\ude42<\/p>\n","protected":false},"excerpt":{"rendered":"<p>Link de examenhttps:\/\/forms.office.com\/r\/WSKvRSMxtV Suerte \ud83d\ude42<\/p>\n","protected":false},"author":8,"featured_media":0,"parent":0,"menu_order":0,"comment_status":"closed","ping_status":"closed","template":"","meta":[],"_links":{"self":[{"href":"https:\/\/inoacmty.info\/index.php\/wp-json\/wp\/v2\/pages\/3494"}],"collection":[{"href":"https:\/\/inoacmty.info\/index.php\/wp-json\/wp\/v2\/pages"}],"about":[{"href":"https:\/\/inoacmty.info\/index.php\/wp-json\/wp\/v2\/types\/page"}],"author":[{"embeddable":true,"href":"https:\/\/inoacmty.info\/index.php\/wp-json\/wp\/v2\/users\/8"}],"replies":[{"embeddable":true,"href":"https:\/\/inoacmty.info\/index.php\/wp-json\/wp\/v2\/comments?post=3494"}],"version-history":[{"count":1,"href":"https:\/\/inoacmty.info\/index.php\/wp-json\/wp\/v2\/pages\/3494\/revisions"}],"predecessor-version":[{"id":3496,"href":"https:\/\/inoacmty.info\/index.php\/wp-json\/wp\/v2\/pages\/3494\/revisions\/3496"}],"wp:attachment":[{"href":"https:\/\/inoacmty.info\/index.php\/wp-json\/wp\/v2\/media?parent=3494"}],"curies":[{"name":"wp","href":"https:\/\/api.w.org\/{rel}","templated":true}]}}