{"id":3606,"date":"2024-12-03T21:26:22","date_gmt":"2024-12-03T21:26:22","guid":{"rendered":"https:\/\/inoacmty.info\/?page_id=3606"},"modified":"2024-12-03T21:31:24","modified_gmt":"2024-12-03T21:31:24","slug":"certificado-de-capacitacion-rhfr07-rev0-18","status":"publish","type":"page","link":"https:\/\/inoacmty.info\/index.php\/certificado-de-capacitacion-rhfr07-rev0-18\/","title":{"rendered":"SOPHIE &#8211; Certificado de Capacitaci\u00f3n (RHFR07-Rev0)"},"content":{"rendered":"\n<p>En esta p\u00e1gina encontraras el registro&nbsp;<strong><em>CERTIFICADO DE CAPACITACION (RHFR07-Rev0<\/em><\/strong>).<\/p>\n\n\n\n<p><strong>Instrucciones:&nbsp;<\/strong>Selecciona la maquina\/posici\u00f3n que necesitas auditar o verificar, al seleccionarla te direccionar\u00e1 para que puedas consultar al personal en capacitaci\u00f3n y al personal en entrenamiento de esta posici\u00f3n, encontrar\u00e1s su n\u00famero de empleado, nombre y fotograf\u00eda as\u00ed mismo como la \u00faltima fecha de actualizaci\u00f3n del documento.<\/p>\n\n\n\n<p><strong><a href=\"https:\/\/inoacmty.info\/index.php\/certificado-de-capacitacion-rhfr07-rev0-17\/\" data-type=\"URL\" data-id=\"https:\/\/inoacmty.info\/index.php\/certificado-de-capacitacion-rhfr07-rev0-17\/\">SPARTAN<\/a><\/strong><\/p>\n\n\n\n<p><strong><a href=\"https:\/\/inoacmty.info\/index.php\/certificado-de-capacitacion-rhfr07-rev0-19\/\" data-type=\"URL\" data-id=\"https:\/\/inoacmty.info\/index.php\/certificado-de-capacitacion-rhfr07-rev0-19\/\">JOCHAMP 1 Y 2<\/a><\/strong><\/p>\n\n\n\n<p><strong><a href=\"https:\/\/inoacmty.info\/index.php\/certificado-de-capacitacion-rhfr07-rev0-20\/\" data-type=\"URL\" data-id=\"https:\/\/inoacmty.info\/index.php\/certificado-de-capacitacion-rhfr07-rev0-20\/\">SMARTFOAM Y STRIPING<\/a><\/strong><\/p>\n\n\n\n<p><strong><a href=\"https:\/\/inoacmty.info\/index.php\/certificado-de-capacitacion-rhfr07-rev0-21\/\" data-type=\"URL\" data-id=\"https:\/\/inoacmty.info\/index.php\/certificado-de-capacitacion-rhfr07-rev0-21\/\">PRECO<\/a><\/strong><\/p>\n\n\n\n<p><strong><a href=\"https:\/\/inoacmty.info\/index.php\/certificado-de-capacitacion-rhfr07-rev0-22\/\" data-type=\"URL\" data-id=\"https:\/\/inoacmty.info\/index.php\/certificado-de-capacitacion-rhfr07-rev0-22\/\">FLOWPACK<\/a><\/strong><\/p>\n\n\n\n<p><strong><a href=\"https:\/\/inoacmty.info\/index.php\/certificado-de-capacitacion-rhfr07-rev0-23\/\" data-type=\"URL\" data-id=\"https:\/\/inoacmty.info\/index.php\/certificado-de-capacitacion-rhfr07-rev0-23\/\">ROBOT<\/a><\/strong><\/p>\n\n\n\n<p><strong><a href=\"https:\/\/inoacmty.info\/index.php\/certificado-de-capacitacion-rhfr07-rev0-24\/\" data-type=\"URL\" data-id=\"https:\/\/inoacmty.info\/index.php\/certificado-de-capacitacion-rhfr07-rev0-24\/\">ATOM 2<\/a><\/strong><\/p>\n\n\n\n<p><\/p>\n","protected":false},"excerpt":{"rendered":"<p>En esta p\u00e1gina encontraras el registro&nbsp;CERTIFICADO DE CAPACITACION (RHFR07-Rev0). Instrucciones:&nbsp;Selecciona la maquina\/posici\u00f3n que necesitas auditar o verificar, al seleccionarla te direccionar\u00e1 para que puedas consultar al personal en capacitaci\u00f3n y al personal en entrenamiento de esta posici\u00f3n, encontrar\u00e1s su n\u00famero de empleado, nombre y fotograf\u00eda as\u00ed mismo como la \u00faltima fecha de actualizaci\u00f3n del documento. &hellip; <\/p>\n<p class=\"link-more\"><a href=\"https:\/\/inoacmty.info\/index.php\/certificado-de-capacitacion-rhfr07-rev0-18\/\" class=\"more-link\">Continuar leyendo<span class=\"screen-reader-text\"> \u00abSOPHIE &#8211; Certificado de Capacitaci\u00f3n (RHFR07-Rev0)\u00bb<\/span><\/a><\/p>\n","protected":false},"author":8,"featured_media":0,"parent":0,"menu_order":0,"comment_status":"closed","ping_status":"closed","template":"","meta":[],"_links":{"self":[{"href":"https:\/\/inoacmty.info\/index.php\/wp-json\/wp\/v2\/pages\/3606"}],"collection":[{"href":"https:\/\/inoacmty.info\/index.php\/wp-json\/wp\/v2\/pages"}],"about":[{"href":"https:\/\/inoacmty.info\/index.php\/wp-json\/wp\/v2\/types\/page"}],"author":[{"embeddable":true,"href":"https:\/\/inoacmty.info\/index.php\/wp-json\/wp\/v2\/users\/8"}],"replies":[{"embeddable":true,"href":"https:\/\/inoacmty.info\/index.php\/wp-json\/wp\/v2\/comments?post=3606"}],"version-history":[{"count":3,"href":"https:\/\/inoacmty.info\/index.php\/wp-json\/wp\/v2\/pages\/3606\/revisions"}],"predecessor-version":[{"id":3636,"href":"https:\/\/inoacmty.info\/index.php\/wp-json\/wp\/v2\/pages\/3606\/revisions\/3636"}],"wp:attachment":[{"href":"https:\/\/inoacmty.info\/index.php\/wp-json\/wp\/v2\/media?parent=3606"}],"curies":[{"name":"wp","href":"https:\/\/api.w.org\/{rel}","templated":true}]}}