{"id":4156,"date":"2025-01-21T00:22:40","date_gmt":"2025-01-21T00:22:40","guid":{"rendered":"https:\/\/inoacmty.info\/?page_id=4156"},"modified":"2026-02-10T16:53:00","modified_gmt":"2026-02-10T16:53:00","slug":"gmac-0008-aspectos-ambientales-significativos-rev-3","status":"publish","type":"page","link":"https:\/\/inoacmty.info\/index.php\/gmac-0008-aspectos-ambientales-significativos-rev-3\/","title":{"rendered":"GMAC-0008 Aspectos Ambientales Significativos Rev.4"},"content":{"rendered":"\n<figure class=\"wp-block-video\"><video controls src=\"https:\/\/inoacmty.info\/wp-content\/uploads\/2026\/02\/GMAC-0008-ASPECTOS-AMBIENTALES-SIGNIFICATIVOS-Rev.-4.mp4\"><\/video><\/figure>\n\n\n\n<p>  Al finalizar el video favor de realizar la evaluaci\u00f3n que se presenta a continuaci\u00f3n:   <\/p>\n\n\n\n<p>  <a href=\"https:\/\/forms.office.com\/r\/dnNFPxd960\" data-type=\"URL\" data-id=\"https:\/\/forms.office.com\/r\/dnNFPxd960\">GMAE-0004 Informaci\u00f3n Ambientales significativos Rev.<\/a>8<\/p>\n","protected":false},"excerpt":{"rendered":"<p>Al finalizar el video favor de realizar la evaluaci\u00f3n que se presenta a continuaci\u00f3n: GMAE-0004 Informaci\u00f3n Ambientales significativos Rev.8<\/p>\n","protected":false},"author":8,"featured_media":0,"parent":0,"menu_order":0,"comment_status":"closed","ping_status":"closed","template":"","meta":[],"_links":{"self":[{"href":"https:\/\/inoacmty.info\/index.php\/wp-json\/wp\/v2\/pages\/4156"}],"collection":[{"href":"https:\/\/inoacmty.info\/index.php\/wp-json\/wp\/v2\/pages"}],"about":[{"href":"https:\/\/inoacmty.info\/index.php\/wp-json\/wp\/v2\/types\/page"}],"author":[{"embeddable":true,"href":"https:\/\/inoacmty.info\/index.php\/wp-json\/wp\/v2\/users\/8"}],"replies":[{"embeddable":true,"href":"https:\/\/inoacmty.info\/index.php\/wp-json\/wp\/v2\/comments?post=4156"}],"version-history":[{"count":5,"href":"https:\/\/inoacmty.info\/index.php\/wp-json\/wp\/v2\/pages\/4156\/revisions"}],"predecessor-version":[{"id":6302,"href":"https:\/\/inoacmty.info\/index.php\/wp-json\/wp\/v2\/pages\/4156\/revisions\/6302"}],"wp:attachment":[{"href":"https:\/\/inoacmty.info\/index.php\/wp-json\/wp\/v2\/media?parent=4156"}],"curies":[{"name":"wp","href":"https:\/\/api.w.org\/{rel}","templated":true}]}}