{"id":4386,"date":"2025-02-21T21:52:19","date_gmt":"2025-02-21T21:52:19","guid":{"rendered":"https:\/\/inoacmty.info\/?page_id=4386"},"modified":"2025-02-21T21:52:19","modified_gmt":"2025-02-21T21:52:19","slug":"capacitacion-witp-eshc12-rev-1-sistema-de-gestion-ambiental-aspectos-ambientales-significativos-control-operacional-seguimiento-y-medicion","status":"publish","type":"page","link":"https:\/\/inoacmty.info\/index.php\/capacitacion-witp-eshc12-rev-1-sistema-de-gestion-ambiental-aspectos-ambientales-significativos-control-operacional-seguimiento-y-medicion\/","title":{"rendered":"Capacitaci\u00f3n WITP: ESHC12 Rev.1  Sistema de Gesti\u00f3n Ambiental (Aspectos Ambientales Significativos, Control Operacional, Seguimiento y Medici\u00f3n)"},"content":{"rendered":"\n<p> Visualizar la siguiente capacitaci\u00f3n y al finalizar contestar el cuestionario, link abajo del video.   <\/p>\n\n\n\n<figure class=\"wp-block-video\"><video controls src=\"https:\/\/inoacmty.info\/wp-content\/uploads\/2025\/02\/ESHC12-Rev.1.mp4\"><\/video><\/figure>\n\n\n\n<p>  <strong>Link de examen:<\/strong> <br><a href=\"https:\/\/forms.office.com\/r\/F4cRMczmY1\" data-type=\"URL\" data-id=\"https:\/\/forms.office.com\/r\/F4cRMczmY1\">https:\/\/forms.office.com\/r\/En3ZqPwPzY<\/a><br><br> Recuerda colocar los datos correctos en el examen.  <\/p>\n","protected":false},"excerpt":{"rendered":"<p>Visualizar la siguiente capacitaci\u00f3n y al finalizar contestar el cuestionario, link abajo del video. Link de examen: https:\/\/forms.office.com\/r\/En3ZqPwPzY Recuerda colocar los datos correctos en el examen.<\/p>\n","protected":false},"author":8,"featured_media":0,"parent":0,"menu_order":0,"comment_status":"closed","ping_status":"closed","template":"","meta":[],"_links":{"self":[{"href":"https:\/\/inoacmty.info\/index.php\/wp-json\/wp\/v2\/pages\/4386"}],"collection":[{"href":"https:\/\/inoacmty.info\/index.php\/wp-json\/wp\/v2\/pages"}],"about":[{"href":"https:\/\/inoacmty.info\/index.php\/wp-json\/wp\/v2\/types\/page"}],"author":[{"embeddable":true,"href":"https:\/\/inoacmty.info\/index.php\/wp-json\/wp\/v2\/users\/8"}],"replies":[{"embeddable":true,"href":"https:\/\/inoacmty.info\/index.php\/wp-json\/wp\/v2\/comments?post=4386"}],"version-history":[{"count":1,"href":"https:\/\/inoacmty.info\/index.php\/wp-json\/wp\/v2\/pages\/4386\/revisions"}],"predecessor-version":[{"id":4387,"href":"https:\/\/inoacmty.info\/index.php\/wp-json\/wp\/v2\/pages\/4386\/revisions\/4387"}],"wp:attachment":[{"href":"https:\/\/inoacmty.info\/index.php\/wp-json\/wp\/v2\/media?parent=4386"}],"curies":[{"name":"wp","href":"https:\/\/api.w.org\/{rel}","templated":true}]}}