{"id":4465,"date":"2025-03-20T20:05:31","date_gmt":"2025-03-20T20:05:31","guid":{"rendered":"https:\/\/inoacmty.info\/?page_id=4465"},"modified":"2025-03-20T20:05:31","modified_gmt":"2025-03-20T20:05:31","slug":"recibo-de-nomina-digital","status":"publish","type":"page","link":"https:\/\/inoacmty.info\/index.php\/recibo-de-nomina-digital\/","title":{"rendered":"Recibo de n\u00f3mina (Digital)"},"content":{"rendered":"\n<figure class=\"wp-block-video\"><video controls src=\"https:\/\/inoacmty.info\/wp-content\/uploads\/2025\/03\/QR-ESCANEA-.mp4\"><\/video><\/figure>\n\n\n\n<p><strong>Registro de correo electr\u00f3nico: <\/strong><\/p>\n\n\n\n<p class=\"has-text-align-center\"><a rel=\"noreferrer noopener\" href=\"https:\/\/forms.office.com\/r\/9S2wGfKWTi\" data-type=\"URL\" data-id=\"https:\/\/forms.office.com\/r\/9S2wGfKWTi\" target=\"_blank\"><strong><span style=\"color:#01238c\" class=\"has-inline-color\">Correo electr\u00f3nico<\/span> <span style=\"color:#0020a3\" class=\"has-inline-color\">(Haz cli<\/span><\/strong><\/a><a rel=\"noreferrer noopener\" href=\"https:\/\/forms.office.com\/r\/9S2wGfKWTi\" data-type=\"URL\" data-id=\"https:\/\/forms.office.com\/r\/9S2wGfKWTi\" target=\"_blank\"><strong><span style=\"color:#0020a3\" class=\"has-inline-color\">c<\/span><\/strong><\/a><a rel=\"noreferrer noopener\" href=\"https:\/\/forms.office.com\/r\/9S2wGfKWTi\" data-type=\"URL\" data-id=\"https:\/\/forms.office.com\/r\/9S2wGfKWTi\" target=\"_blank\"><strong><span style=\"color:#0020a3\" class=\"has-inline-color\">, aqu\u00ed)<\/span><\/strong><\/a><\/p>\n","protected":false},"excerpt":{"rendered":"<p>Registro de correo electr\u00f3nico: Correo electr\u00f3nico (Haz clic, aqu\u00ed)<\/p>\n","protected":false},"author":8,"featured_media":0,"parent":0,"menu_order":0,"comment_status":"closed","ping_status":"closed","template":"","meta":[],"_links":{"self":[{"href":"https:\/\/inoacmty.info\/index.php\/wp-json\/wp\/v2\/pages\/4465"}],"collection":[{"href":"https:\/\/inoacmty.info\/index.php\/wp-json\/wp\/v2\/pages"}],"about":[{"href":"https:\/\/inoacmty.info\/index.php\/wp-json\/wp\/v2\/types\/page"}],"author":[{"embeddable":true,"href":"https:\/\/inoacmty.info\/index.php\/wp-json\/wp\/v2\/users\/8"}],"replies":[{"embeddable":true,"href":"https:\/\/inoacmty.info\/index.php\/wp-json\/wp\/v2\/comments?post=4465"}],"version-history":[{"count":1,"href":"https:\/\/inoacmty.info\/index.php\/wp-json\/wp\/v2\/pages\/4465\/revisions"}],"predecessor-version":[{"id":4466,"href":"https:\/\/inoacmty.info\/index.php\/wp-json\/wp\/v2\/pages\/4465\/revisions\/4466"}],"wp:attachment":[{"href":"https:\/\/inoacmty.info\/index.php\/wp-json\/wp\/v2\/media?parent=4465"}],"curies":[{"name":"wp","href":"https:\/\/api.w.org\/{rel}","templated":true}]}}