{"id":4719,"date":"2025-04-16T17:17:00","date_gmt":"2025-04-16T17:17:00","guid":{"rendered":"https:\/\/inoacmty.info\/?page_id=4719"},"modified":"2025-04-16T17:19:03","modified_gmt":"2025-04-16T17:19:03","slug":"certificado-de-capacitacion-igna-sit","status":"publish","type":"page","link":"https:\/\/inoacmty.info\/index.php\/certificado-de-capacitacion-igna-sit\/","title":{"rendered":"Certificado de Capacitaci\u00f3n IGNA\/SIT"},"content":{"rendered":"\n<p>En esta pagina encontraras el registro\u00a0<strong><em>CERTIFICADO DE CAPACITACION<\/em><\/strong><\/p>\n\n\n\n<p><strong>Instrucciones:&nbsp;<\/strong>Selecciona la maquina\/posici\u00f3n que necesitas auditar o verificar, al seleccionarla te direccionar\u00e1 para que puedas consultar al personal en capacitaci\u00f3n y liberado de esta posici\u00f3n, encontraras su n\u00famero de empleado, nombre y fotograf\u00eda as\u00ed mismo como la ultima fecha de actualizaci\u00f3n del documento.<\/p>\n\n\n\n<p><strong>SIT<\/strong><\/p>\n\n\n\n<p><a href=\"https:\/\/inoacmty.info\/index.php\/certificado-de-capacitacion-2\/\" data-type=\"URL\" data-id=\"https:\/\/inoacmty.info\/index.php\/certificado-de-capacitacion-2\/\">Prensa ATOM<\/a><\/p>\n","protected":false},"excerpt":{"rendered":"<p>En esta pagina encontraras el registro\u00a0CERTIFICADO DE CAPACITACION Instrucciones:&nbsp;Selecciona la maquina\/posici\u00f3n que necesitas auditar o verificar, al seleccionarla te direccionar\u00e1 para que puedas consultar al personal en capacitaci\u00f3n y liberado de esta posici\u00f3n, encontraras su n\u00famero de empleado, nombre y fotograf\u00eda as\u00ed mismo como la ultima fecha de actualizaci\u00f3n del documento. SIT Prensa ATOM<\/p>\n","protected":false},"author":8,"featured_media":0,"parent":0,"menu_order":0,"comment_status":"closed","ping_status":"closed","template":"","meta":[],"_links":{"self":[{"href":"https:\/\/inoacmty.info\/index.php\/wp-json\/wp\/v2\/pages\/4719"}],"collection":[{"href":"https:\/\/inoacmty.info\/index.php\/wp-json\/wp\/v2\/pages"}],"about":[{"href":"https:\/\/inoacmty.info\/index.php\/wp-json\/wp\/v2\/types\/page"}],"author":[{"embeddable":true,"href":"https:\/\/inoacmty.info\/index.php\/wp-json\/wp\/v2\/users\/8"}],"replies":[{"embeddable":true,"href":"https:\/\/inoacmty.info\/index.php\/wp-json\/wp\/v2\/comments?post=4719"}],"version-history":[{"count":2,"href":"https:\/\/inoacmty.info\/index.php\/wp-json\/wp\/v2\/pages\/4719\/revisions"}],"predecessor-version":[{"id":4723,"href":"https:\/\/inoacmty.info\/index.php\/wp-json\/wp\/v2\/pages\/4719\/revisions\/4723"}],"wp:attachment":[{"href":"https:\/\/inoacmty.info\/index.php\/wp-json\/wp\/v2\/media?parent=4719"}],"curies":[{"name":"wp","href":"https:\/\/api.w.org\/{rel}","templated":true}]}}