{"id":5438,"date":"2025-07-10T17:12:55","date_gmt":"2025-07-10T17:12:55","guid":{"rendered":"https:\/\/inoacmty.info\/?page_id=5438"},"modified":"2025-07-11T00:37:37","modified_gmt":"2025-07-11T00:37:37","slug":"pase-de-entrada-o-salida","status":"publish","type":"page","link":"https:\/\/inoacmty.info\/index.php\/pase-de-entrada-o-salida\/","title":{"rendered":"Pase de entrada o salida"},"content":{"rendered":"\n<figure class=\"wp-block-video\"><video controls src=\"https:\/\/inoacmty.info\/wp-content\/uploads\/2025\/07\/pase-de-entrada.mp4\"><\/video><\/figure>\n\n\n\n<p class=\"has-text-align-center\"> <strong>Registro de entrada o salida: <\/strong> <\/p>\n\n\n\n<div class=\"wp-block-columns\">\n<div class=\"wp-block-column\">\n<figure class=\"wp-block-gallery columns-1 is-cropped\"><ul class=\"blocks-gallery-grid\"><li class=\"blocks-gallery-item\"><figure><img loading=\"lazy\" width=\"439\" height=\"390\" src=\"https:\/\/inoacmty.info\/wp-content\/uploads\/2025\/07\/1-1.png\" alt=\"\" data-id=\"5449\" data-full-url=\"https:\/\/inoacmty.info\/wp-content\/uploads\/2025\/07\/1-1.png\" data-link=\"https:\/\/inoacmty.info\/index.php\/pase-de-entrada-o-salida\/1-1\/\" class=\"wp-image-5449\" srcset=\"https:\/\/inoacmty.info\/wp-content\/uploads\/2025\/07\/1-1.png 439w, https:\/\/inoacmty.info\/wp-content\/uploads\/2025\/07\/1-1-300x267.png 300w\" sizes=\"(max-width: 439px) 100vw, 439px\" \/><figcaption class=\"blocks-gallery-item__caption\"><a href=\"https:\/\/forms.office.com\/pages\/responsepage.aspx?id=ZbuB1o82QUqPyICGrbnxkT2Y0x-Yz0JHt87QRNz8TqRUN09QWkZPWUY3MFhNM01FRkc1SDY3TjJGWS4u&amp;route=shorturl\" data-type=\"URL\" data-id=\"https:\/\/forms.office.com\/pages\/responsepage.aspx?id=ZbuB1o82QUqPyICGrbnxkT2Y0x-Yz0JHt87QRNz8TqRUN09QWkZPWUY3MFhNM01FRkc1SDY3TjJGWS4u&amp;route=shorturl\"><strong><span class=\"has-inline-color has-white-color\">IPG<\/span><\/strong><\/a><\/figcaption><\/figure><\/li><\/ul><\/figure>\n\n\n\n<p class=\"has-text-align-center\"><strong><a href=\"https:\/\/forms.office.com\/pages\/responsepage.aspx?id=ZbuB1o82QUqPyICGrbnxkT2Y0x-Yz0JHt87QRNz8TqRUN09QWkZPWUY3MFhNM01FRkc1SDY3TjJGWS4u&amp;route=shorturl\" data-type=\"URL\" data-id=\"https:\/\/forms.office.com\/pages\/responsepage.aspx?id=ZbuB1o82QUqPyICGrbnxkT2Y0x-Yz0JHt87QRNz8TqRUN09QWkZPWUY3MFhNM01FRkc1SDY3TjJGWS4u&amp;route=shorturl\" target=\"_blank\" rel=\"noreferrer noopener\">Botellas (Haz clic, aqu\u00ed)<\/a><\/strong><\/p>\n<\/div>\n\n\n\n<div class=\"wp-block-column\">\n<figure class=\"wp-block-gallery columns-1 is-cropped\"><ul class=\"blocks-gallery-grid\"><li class=\"blocks-gallery-item\"><figure><img loading=\"lazy\" width=\"602\" height=\"448\" src=\"https:\/\/inoacmty.info\/wp-content\/uploads\/2025\/07\/costursa-1.png\" alt=\"\" data-id=\"5451\" data-full-url=\"https:\/\/inoacmty.info\/wp-content\/uploads\/2025\/07\/costursa-1.png\" data-link=\"https:\/\/inoacmty.info\/index.php\/pase-de-entrada-o-salida\/costursa-1\/\" class=\"wp-image-5451\" srcset=\"https:\/\/inoacmty.info\/wp-content\/uploads\/2025\/07\/costursa-1.png 602w, https:\/\/inoacmty.info\/wp-content\/uploads\/2025\/07\/costursa-1-300x223.png 300w\" sizes=\"(max-width: 602px) 100vw, 602px\" \/><figcaption class=\"blocks-gallery-item__caption\"><a rel=\"noreferrer noopener\" href=\"https:\/\/forms.office.com\/Pages\/ResponsePage.aspx?id=ZbuB1o82QUqPyICGrbnxkT2Y0x-Yz0JHt87QRNz8TqRUMUYyWUlZVUs2NlNLOFlPVUxNM0NTTTNWVS4u\" data-type=\"URL\" data-id=\"https:\/\/forms.office.com\/Pages\/ResponsePage.aspx?id=ZbuB1o82QUqPyICGrbnxkT2Y0x-Yz0JHt87QRNz8TqRUMUYyWUlZVUs2NlNLOFlPVUxNM0NTTTNWVS4u\" target=\"_blank\"><span class=\"has-inline-color has-white-color\"><strong>IGNA-SIT<\/strong><\/span><\/a><\/figcaption><\/figure><\/li><\/ul><\/figure>\n\n\n\n<p class=\"has-text-align-center\"><strong><a rel=\"noreferrer noopener\" href=\"https:\/\/forms.office.com\/Pages\/ResponsePage.aspx?id=ZbuB1o82QUqPyICGrbnxkT2Y0x-Yz0JHt87QRNz8TqRUMUYyWUlZVUs2NlNLOFlPVUxNM0NTTTNWVS4u\" data-type=\"URL\" data-id=\"https:\/\/forms.office.com\/Pages\/ResponsePage.aspx?id=ZbuB1o82QUqPyICGrbnxkT2Y0x-Yz0JHt87QRNz8TqRUMUYyWUlZVUs2NlNLOFlPVUxNM0NTTTNWVS4u\" target=\"_blank\">Automotriz (Haz clic, aqu\u00ed)<\/a><\/strong><\/p>\n<\/div>\n\n\n\n<div class=\"wp-block-column\">\n<figure class=\"wp-block-gallery columns-1 is-cropped\"><ul class=\"blocks-gallery-grid\"><li class=\"blocks-gallery-item\"><figure><img loading=\"lazy\" width=\"409\" height=\"283\" src=\"https:\/\/inoacmty.info\/wp-content\/uploads\/2025\/07\/esponjas.png\" alt=\"\" data-id=\"5452\" data-full-url=\"https:\/\/inoacmty.info\/wp-content\/uploads\/2025\/07\/esponjas.png\" data-link=\"https:\/\/inoacmty.info\/index.php\/pase-de-entrada-o-salida\/esponjas\/\" class=\"wp-image-5452\" srcset=\"https:\/\/inoacmty.info\/wp-content\/uploads\/2025\/07\/esponjas.png 409w, https:\/\/inoacmty.info\/wp-content\/uploads\/2025\/07\/esponjas-300x208.png 300w\" sizes=\"(max-width: 409px) 100vw, 409px\" \/><figcaption class=\"blocks-gallery-item__caption\"><strong><a href=\"https:\/\/forms.office.com\/Pages\/ResponsePage.aspx?id=ZbuB1o82QUqPyICGrbnxkT2Y0x-Yz0JHt87QRNz8TqRUQjZLVTMzN1RZR05GMkJJN1ZKMENEVkdYNi4u\" data-type=\"URL\" data-id=\"https:\/\/forms.office.com\/Pages\/ResponsePage.aspx?id=ZbuB1o82QUqPyICGrbnxkT2Y0x-Yz0JHt87QRNz8TqRUQjZLVTMzN1RZR05GMkJJN1ZKMENEVkdYNi4u\" target=\"_blank\" rel=\"noreferrer noopener\"><span class=\"has-inline-color has-white-color\">WITPS<\/span><\/a><\/strong><\/figcaption><\/figure><\/li><\/ul><\/figure>\n\n\n\n<p class=\"has-text-align-center\"><a href=\"https:\/\/forms.office.com\/Pages\/ResponsePage.aspx?id=ZbuB1o82QUqPyICGrbnxkT2Y0x-Yz0JHt87QRNz8TqRUQjZLVTMzN1RZR05GMkJJN1ZKMENEVkdYNi4u\" data-type=\"URL\" data-id=\"https:\/\/forms.office.com\/Pages\/ResponsePage.aspx?id=ZbuB1o82QUqPyICGrbnxkT2Y0x-Yz0JHt87QRNz8TqRUQjZLVTMzN1RZR05GMkJJN1ZKMENEVkdYNi4u\"><strong>FOAM (Haz clic, aqu\u00ed)<\/strong><\/a><\/p>\n<\/div>\n<\/div>\n\n\n\n<p><\/p>\n","protected":false},"excerpt":{"rendered":"<p>Registro de entrada o salida: Botellas (Haz clic, aqu\u00ed) Automotriz (Haz clic, aqu\u00ed) FOAM (Haz clic, aqu\u00ed)<\/p>\n","protected":false},"author":8,"featured_media":0,"parent":0,"menu_order":0,"comment_status":"closed","ping_status":"closed","template":"","meta":[],"_links":{"self":[{"href":"https:\/\/inoacmty.info\/index.php\/wp-json\/wp\/v2\/pages\/5438"}],"collection":[{"href":"https:\/\/inoacmty.info\/index.php\/wp-json\/wp\/v2\/pages"}],"about":[{"href":"https:\/\/inoacmty.info\/index.php\/wp-json\/wp\/v2\/types\/page"}],"author":[{"embeddable":true,"href":"https:\/\/inoacmty.info\/index.php\/wp-json\/wp\/v2\/users\/8"}],"replies":[{"embeddable":true,"href":"https:\/\/inoacmty.info\/index.php\/wp-json\/wp\/v2\/comments?post=5438"}],"version-history":[{"count":3,"href":"https:\/\/inoacmty.info\/index.php\/wp-json\/wp\/v2\/pages\/5438\/revisions"}],"predecessor-version":[{"id":5454,"href":"https:\/\/inoacmty.info\/index.php\/wp-json\/wp\/v2\/pages\/5438\/revisions\/5454"}],"wp:attachment":[{"href":"https:\/\/inoacmty.info\/index.php\/wp-json\/wp\/v2\/media?parent=5438"}],"curies":[{"name":"wp","href":"https:\/\/api.w.org\/{rel}","templated":true}]}}