{"id":5654,"date":"2025-08-27T21:16:20","date_gmt":"2025-08-27T21:16:20","guid":{"rendered":"https:\/\/inoacmty.info\/?page_id=5654"},"modified":"2025-08-27T21:16:20","modified_gmt":"2025-08-27T21:16:20","slug":"capacitacion-informacion-ambiental-sistemas-de-gestion","status":"publish","type":"page","link":"https:\/\/inoacmty.info\/index.php\/capacitacion-informacion-ambiental-sistemas-de-gestion\/","title":{"rendered":"Capacitaci\u00f3n: Informaci\u00f3n Ambiental, Sistemas de Gesti\u00f3n"},"content":{"rendered":"\n<p><strong>Curso ESHC08 Rev10 Informaci\u00f3n Ambiental WITP<\/strong><\/p>\n\n\n\n<figure class=\"wp-block-video\"><video controls src=\"https:\/\/inoacmty.info\/wp-content\/uploads\/2025\/02\/ESHC08-Rev.1-Informacion-Ambiental-WITP.mp4\"><\/video><\/figure>\n\n\n\n<p>Link de Examen<br><a href=\"https:\/\/forms.office.com\/r\/zh7XU9pXxR\" data-type=\"URL\" data-id=\"https:\/\/forms.office.com\/r\/zh7XU9pXxR\">https:\/\/forms.office.com\/r\/zh7XU9pXxR<\/a><\/p>\n\n\n\n<p><\/p>\n\n\n\n<p><strong>Curso ISE07REV0 ISC18REV00 SISTEMAS DE GESTION DE INOAC WITP<\/strong><\/p>\n\n\n\n<figure class=\"wp-block-video\"><video controls src=\"https:\/\/inoacmty.info\/wp-content\/uploads\/2025\/08\/ISE07REV0-ISC18REV00-SISTEMAS-DE-GESTION-DE-INOAC-WITP.mp4\"><\/video><\/figure>\n\n\n\n<p>Link de Examen<br><a href=\"https:\/\/forms.cloud.microsoft\/r\/fXLBqggHSn\" data-type=\"URL\" data-id=\"https:\/\/forms.cloud.microsoft\/r\/fXLBqggHSn\">https:\/\/forms.cloud.microsoft\/r\/fXLBqggHSn<\/a><\/p>\n","protected":false},"excerpt":{"rendered":"<p>Curso ESHC08 Rev10 Informaci\u00f3n Ambiental WITP Link de Examenhttps:\/\/forms.office.com\/r\/zh7XU9pXxR Curso ISE07REV0 ISC18REV00 SISTEMAS DE GESTION DE INOAC WITP Link de Examenhttps:\/\/forms.cloud.microsoft\/r\/fXLBqggHSn<\/p>\n","protected":false},"author":8,"featured_media":0,"parent":0,"menu_order":0,"comment_status":"closed","ping_status":"closed","template":"","meta":[],"_links":{"self":[{"href":"https:\/\/inoacmty.info\/index.php\/wp-json\/wp\/v2\/pages\/5654"}],"collection":[{"href":"https:\/\/inoacmty.info\/index.php\/wp-json\/wp\/v2\/pages"}],"about":[{"href":"https:\/\/inoacmty.info\/index.php\/wp-json\/wp\/v2\/types\/page"}],"author":[{"embeddable":true,"href":"https:\/\/inoacmty.info\/index.php\/wp-json\/wp\/v2\/users\/8"}],"replies":[{"embeddable":true,"href":"https:\/\/inoacmty.info\/index.php\/wp-json\/wp\/v2\/comments?post=5654"}],"version-history":[{"count":1,"href":"https:\/\/inoacmty.info\/index.php\/wp-json\/wp\/v2\/pages\/5654\/revisions"}],"predecessor-version":[{"id":5655,"href":"https:\/\/inoacmty.info\/index.php\/wp-json\/wp\/v2\/pages\/5654\/revisions\/5655"}],"wp:attachment":[{"href":"https:\/\/inoacmty.info\/index.php\/wp-json\/wp\/v2\/media?parent=5654"}],"curies":[{"name":"wp","href":"https:\/\/api.w.org\/{rel}","templated":true}]}}