{"id":5742,"date":"2025-09-27T17:58:03","date_gmt":"2025-09-27T17:58:03","guid":{"rendered":"https:\/\/inoacmty.info\/?page_id=5742"},"modified":"2026-02-23T18:19:19","modified_gmt":"2026-02-23T18:19:19","slug":"capacitaciones-witp-area-aersale","status":"publish","type":"page","link":"https:\/\/inoacmty.info\/index.php\/capacitaciones-witp-area-aersale\/","title":{"rendered":"Capacitaciones WITP \u00e1rea AerSale"},"content":{"rendered":"\n<p>En la siguiente p\u00e1gina visualizar\u00e1s los cursos de seguridad del \u00e1rea de AerSale<\/p>\n\n\n\n<p><\/p>\n\n\n\n<p><strong>Curso de Seguridad Operadores de Robot KUKA<\/strong><\/p>\n\n\n\n<p> Favor de visualizar la siguiente capacitaci\u00f3n en video y al finalizar contesta el examen, link abajo del video<\/p>\n\n\n\n<figure class=\"wp-block-video\"><video controls src=\"https:\/\/inoacmty.info\/wp-content\/uploads\/2026\/02\/Curso-de-Seguridad-Robot-kuka-Hot-wire.mp4\"><\/video><\/figure>\n\n\n\n<p><\/p>\n\n\n\n<p><em>Link de examen Robot KUKA<\/em><br><a href=\"https:\/\/forms.cloud.microsoft\/r\/43AMe7Bfmi\" data-type=\"URL\" data-id=\"https:\/\/forms.cloud.microsoft\/r\/43AMe7Bfmi\">https:\/\/forms.cloud.microsoft\/r\/43AMe7Bfm<\/a><\/p>\n\n\n\n<p><\/p>\n\n\n\n<p><\/p>\n\n\n\n<p><strong>Curso de Seguridad Operadores de Mesa Hotwire<\/strong><\/p>\n\n\n\n<p> Favor de visualizar la siguiente capacitaci\u00f3n en video y al finalizar contesta el examen, link abajo del video <\/p>\n\n\n\n<p><\/p>\n\n\n\n<figure class=\"wp-block-video\"><video controls src=\"https:\/\/inoacmty.info\/wp-content\/uploads\/2026\/02\/Curso-de-Seguridad-Hot-wire.mp4\"><\/video><\/figure>\n\n\n\n<p><em> Link de examen Hotwire<\/em>  <br><a href=\"https:\/\/forms.cloud.microsoft\/r\/sYNwnxJtSk\" data-type=\"URL\" data-id=\"https:\/\/forms.cloud.microsoft\/r\/sYNwnxJtSk\">https:\/\/forms.cloud.microsoft\/r\/sYNwnxJtSk<\/a><\/p>\n\n\n\n<p><\/p>\n\n\n\n<p><strong>Curso de Seguridad Riesgos de \u00e1rea AERASALE<\/strong><\/p>\n\n\n\n<p> Favor de visualizar la siguiente capacitaci\u00f3n en video y al finalizar contesta el examen, link abajo del video <\/p>\n\n\n\n<figure class=\"wp-block-video\"><video controls src=\"https:\/\/inoacmty.info\/wp-content\/uploads\/2026\/02\/Curso-de-seguridad-riesgos-del-area-de-aersale.mp4\"><\/video><\/figure>\n\n\n\n<p> <em> Link de examen Riesgos del \u00e1rea AERSALE<\/em><\/p>\n\n\n\n<p> <a href=\"https:\/\/forms.office.com\/r\/jMJvXf5kXd\">https:\/\/forms.office.com\/r\/jMJvXf5kXd<\/a><\/p>\n\n\n\n<p><\/p>\n\n\n\n<figure class=\"wp-block-embed\"><div class=\"wp-block-embed__wrapper\">\nhttps:\/\/forms.office.com\/r\/jMJvXf5kXd\n<\/div><\/figure>\n\n\n\n<p>   <\/p>\n","protected":false},"excerpt":{"rendered":"<p>En la siguiente p\u00e1gina visualizar\u00e1s los cursos de seguridad del \u00e1rea de AerSale Curso de Seguridad Operadores de Robot KUKA Favor de visualizar la siguiente capacitaci\u00f3n en video y al finalizar contesta el examen, link abajo del video Link de examen Robot KUKAhttps:\/\/forms.cloud.microsoft\/r\/43AMe7Bfm Curso de Seguridad Operadores de Mesa Hotwire Favor de visualizar la siguiente &hellip; <\/p>\n<p class=\"link-more\"><a href=\"https:\/\/inoacmty.info\/index.php\/capacitaciones-witp-area-aersale\/\" class=\"more-link\">Continuar leyendo<span class=\"screen-reader-text\"> \u00abCapacitaciones WITP \u00e1rea AerSale\u00bb<\/span><\/a><\/p>\n","protected":false},"author":8,"featured_media":0,"parent":0,"menu_order":0,"comment_status":"closed","ping_status":"closed","template":"","meta":[],"_links":{"self":[{"href":"https:\/\/inoacmty.info\/index.php\/wp-json\/wp\/v2\/pages\/5742"}],"collection":[{"href":"https:\/\/inoacmty.info\/index.php\/wp-json\/wp\/v2\/pages"}],"about":[{"href":"https:\/\/inoacmty.info\/index.php\/wp-json\/wp\/v2\/types\/page"}],"author":[{"embeddable":true,"href":"https:\/\/inoacmty.info\/index.php\/wp-json\/wp\/v2\/users\/8"}],"replies":[{"embeddable":true,"href":"https:\/\/inoacmty.info\/index.php\/wp-json\/wp\/v2\/comments?post=5742"}],"version-history":[{"count":8,"href":"https:\/\/inoacmty.info\/index.php\/wp-json\/wp\/v2\/pages\/5742\/revisions"}],"predecessor-version":[{"id":6428,"href":"https:\/\/inoacmty.info\/index.php\/wp-json\/wp\/v2\/pages\/5742\/revisions\/6428"}],"wp:attachment":[{"href":"https:\/\/inoacmty.info\/index.php\/wp-json\/wp\/v2\/media?parent=5742"}],"curies":[{"name":"wp","href":"https:\/\/api.w.org\/{rel}","templated":true}]}}