{"id":6504,"date":"2026-03-27T22:51:44","date_gmt":"2026-03-27T22:51:44","guid":{"rendered":"https:\/\/inoacmty.info\/?page_id=6504"},"modified":"2026-03-27T22:51:44","modified_gmt":"2026-03-27T22:51:44","slug":"capacitacion-buenas-practicas-de-documentacion-witps","status":"publish","type":"page","link":"https:\/\/inoacmty.info\/index.php\/capacitacion-buenas-practicas-de-documentacion-witps\/","title":{"rendered":"Capacitaci\u00f3n: Buenas Pr\u00e1cticas de Documentaci\u00f3n WITPS"},"content":{"rendered":"\n<p>Visualiza la siguiente capacitaci\u00f3n en video y adicional llena la lista de asistencia para validar tu entrenamiento.<\/p>\n\n\n\n<figure class=\"wp-block-video\"><video controls src=\"https:\/\/inoacmty.info\/wp-content\/uploads\/2026\/03\/Buenas-Practicas-de-Documentacion-WITPS.mp4\"><\/video><\/figure>\n\n\n\n<p><strong>Lista de asistencia:<\/strong><br><a href=\"https:\/\/forms.cloud.microsoft\/r\/wtEwg8w6kw\" data-type=\"URL\" data-id=\"https:\/\/forms.cloud.microsoft\/r\/wtEwg8w6kw\">https:\/\/forms.cloud.microsoft\/r\/wtEwg8w6kw<\/a><br><\/p>\n","protected":false},"excerpt":{"rendered":"<p>Visualiza la siguiente capacitaci\u00f3n en video y adicional llena la lista de asistencia para validar tu entrenamiento. Lista de asistencia:https:\/\/forms.cloud.microsoft\/r\/wtEwg8w6kw<\/p>\n","protected":false},"author":8,"featured_media":0,"parent":0,"menu_order":0,"comment_status":"closed","ping_status":"closed","template":"","meta":[],"_links":{"self":[{"href":"https:\/\/inoacmty.info\/index.php\/wp-json\/wp\/v2\/pages\/6504"}],"collection":[{"href":"https:\/\/inoacmty.info\/index.php\/wp-json\/wp\/v2\/pages"}],"about":[{"href":"https:\/\/inoacmty.info\/index.php\/wp-json\/wp\/v2\/types\/page"}],"author":[{"embeddable":true,"href":"https:\/\/inoacmty.info\/index.php\/wp-json\/wp\/v2\/users\/8"}],"replies":[{"embeddable":true,"href":"https:\/\/inoacmty.info\/index.php\/wp-json\/wp\/v2\/comments?post=6504"}],"version-history":[{"count":1,"href":"https:\/\/inoacmty.info\/index.php\/wp-json\/wp\/v2\/pages\/6504\/revisions"}],"predecessor-version":[{"id":6505,"href":"https:\/\/inoacmty.info\/index.php\/wp-json\/wp\/v2\/pages\/6504\/revisions\/6505"}],"wp:attachment":[{"href":"https:\/\/inoacmty.info\/index.php\/wp-json\/wp\/v2\/media?parent=6504"}],"curies":[{"name":"wp","href":"https:\/\/api.w.org\/{rel}","templated":true}]}}